{"id":13239,"date":"2021-12-30T14:51:46","date_gmt":"2021-12-30T14:51:46","guid":{"rendered":"https:\/\/motokary-karting.sk\/?post_type=product&#038;p=13239"},"modified":"2021-12-30T14:52:46","modified_gmt":"2021-12-30T14:52:46","slug":"motokarovy-podvozek-mac-minarelli-rotax-gtr30-dd2","status":"publish","type":"product","link":"https:\/\/motokary-karting.sk\/cz\/produkt\/motokara-podvozok-mac-minarelli-rotax-gtr30-dd2\/","title":{"rendered":"Podvozek pro motok\u00e1ry Mac Minarelli ROTAX GTR30 DD2"},"content":{"rendered":"<p>-\u010dern\u00e1 barva r\u00e1mu<br \/>\n-Homologace FIA Registrovan\u00fd Rotax<br \/>\n-kategorie:ROTAX DD2<br \/>\n-r\u00e1m: Pr\u016fm\u011br: chrom-molybden <strong>30 mm<\/strong><br \/>\n-1x p\u0159edn\u00ed stabiliz\u00e1tor ocelov\u00fd + 1x plastov\u00fd<br \/>\n-zadn\u00ed n\u00e1prava 40 mm<br \/>\n-volant 340 mm - logo Mac Minarelli<br \/>\n-homologovan\u00e9 v\u0161echny spoilery a plasty<\/p>\n<p>-plovouc\u00ed brzdov\u00e9 kotou\u010de se zv\u00fd\u0161en\u00fdm \u00fa\u010dinkem<br \/>\n-homologovan\u00e9 v\u0161echny spoilery a plasty IBR v cen\u011b spolu s dr\u017e\u00e1ky a samolepkami od v\u00fdrobce<br \/>\n-spodn\u00ed dr\u017e\u00e1k v\u00fdfuku<br \/>\n-kryt \u0159et\u011bzu<br \/>\n-louky, bovdeny, trysky, benz\u00ednov\u00e9 hadice, v\u0161e v cen\u011b<\/p>\n<p>Motok\u00e1ra je dod\u00e1v\u00e1na v 1\/2 rozebran\u00e9m stavu z d\u016fvodu p\u0159epravy od v\u00fdrobce.<br \/>\nMo\u017enost dokon\u010den\u00ed v na\u0161\u00ed d\u00edln\u011b - cena dohodou (doba trv\u00e1n\u00ed cca 2 dny)<\/p>","protected":false},"excerpt":{"rendered":"<p>-\u010dern\u00e1 barva r\u00e1mu -Homologace FIA Registrov\u00e1no Rotax -Kategorie: ROTAX DD2 -R\u00e1m: R\u00e1m: chrom-molybden pr\u016fm\u011br 30mm -1x p\u0159edn\u00ed stabiliza\u010dn\u00ed ty\u010d ocel + 1x plast -zadn\u00ed n\u00e1prava 40mm...<\/p>","protected":false},"featured_media":181,"template":"","meta":[],"product_brand":[],"product_cat":[222,16],"product_tag":[244,2392,39,34,2391,2393,1883,1698,2390],"class_list":{"0":"post-13239","1":"product","2":"type-product","3":"status-publish","4":"has-post-thumbnail","6":"product_cat-mac-minarelli","7":"product_cat-motokary","8":"product_tag-mac-minarelli","9":"product_tag-mac-minarelli-rotax-dd2","10":"product_tag-macminarelli","11":"product_tag-motokara","12":"product_tag-motokary-na-predaj","13":"product_tag-podvozok-mac-minarelli","14":"product_tag-predaj-motokar","15":"product_tag-predajna-motokar","16":"product_tag-zavodna-motokara","18":"first","19":"onbackorder","20":"taxable","21":"shipping-taxable","22":"purchasable","23":"product-type-simple","24":"customify-col","25":"product-has-gallery"},"aioseo_notices":[],"_links":{"self":[{"href":"https:\/\/motokary-karting.sk\/cz\/wp-json\/wp\/v2\/product\/13239","targetHints":{"allow":["GET"]}}],"collection":[{"href":"https:\/\/motokary-karting.sk\/cz\/wp-json\/wp\/v2\/product"}],"about":[{"href":"https:\/\/motokary-karting.sk\/cz\/wp-json\/wp\/v2\/types\/product"}],"wp:featuredmedia":[{"embeddable":true,"href":"https:\/\/motokary-karting.sk\/cz\/wp-json\/wp\/v2\/media\/181"}],"wp:attachment":[{"href":"https:\/\/motokary-karting.sk\/cz\/wp-json\/wp\/v2\/media?parent=13239"}],"wp:term":[{"taxonomy":"product_brand","embeddable":true,"href":"https:\/\/motokary-karting.sk\/cz\/wp-json\/wp\/v2\/product_brand?post=13239"},{"taxonomy":"product_cat","embeddable":true,"href":"https:\/\/motokary-karting.sk\/cz\/wp-json\/wp\/v2\/product_cat?post=13239"},{"taxonomy":"product_tag","embeddable":true,"href":"https:\/\/motokary-karting.sk\/cz\/wp-json\/wp\/v2\/product_tag?post=13239"}],"curies":[{"name":"wp","href":"https:\/\/api.w.org\/{rel}","templated":true}]}}