{"id":13349,"date":"2022-01-05T20:33:42","date_gmt":"2022-01-05T20:33:42","guid":{"rendered":"https:\/\/motokary-karting.sk\/?post_type=product&#038;p=13349"},"modified":"2022-01-05T20:40:12","modified_gmt":"2022-01-05T20:40:12","slug":"nosic-brzdoveho-kotouce-vzadu-50-mm-pro-plovouci-kotouc","status":"publish","type":"product","link":"https:\/\/motokary-karting.sk\/cz\/produkt\/unasac-brzdoveho-disku-zadny-50mm-pre-plavajuci-kotuc\/","title":{"rendered":"Nosi\u010d brzdov\u00e9ho kotou\u010de vzadu 50 mm pro plovouc\u00ed kotou\u010d"},"content":{"rendered":"","protected":false},"excerpt":{"rendered":"","protected":false},"featured_media":13350,"template":"","meta":[],"product_brand":[],"product_cat":[399,271,646],"product_tag":[512,514,515,1728,142,1344,34,81,310,309,513],"class_list":{"0":"post-13349","1":"product","2":"type-product","3":"status-publish","4":"has-post-thumbnail","6":"product_cat-naboje-a-unasace","7":"product_cat-nahradne-diely-na-podvozky","8":"product_cat-o-50mm","9":"product_tag-brake-disc-carrier","10":"product_tag-brake-disc-holder","11":"product_tag-drziak-brzdoveho-kotuca","12":"product_tag-kart-shop","13":"product_tag-karting","14":"product_tag-karting-shop","15":"product_tag-motokara","16":"product_tag-motokary","17":"product_tag-unasac","18":"product_tag-unasac-brzdoveho-disku","19":"product_tag-unasac-brzdoveho-kotuca","21":"first","22":"onbackorder","23":"taxable","24":"shipping-taxable","25":"purchasable","26":"product-type-variable","27":"customify-col"},"aioseo_notices":[],"_links":{"self":[{"href":"https:\/\/motokary-karting.sk\/cz\/wp-json\/wp\/v2\/product\/13349","targetHints":{"allow":["GET"]}}],"collection":[{"href":"https:\/\/motokary-karting.sk\/cz\/wp-json\/wp\/v2\/product"}],"about":[{"href":"https:\/\/motokary-karting.sk\/cz\/wp-json\/wp\/v2\/types\/product"}],"wp:featuredmedia":[{"embeddable":true,"href":"https:\/\/motokary-karting.sk\/cz\/wp-json\/wp\/v2\/media\/13350"}],"wp:attachment":[{"href":"https:\/\/motokary-karting.sk\/cz\/wp-json\/wp\/v2\/media?parent=13349"}],"wp:term":[{"taxonomy":"product_brand","embeddable":true,"href":"https:\/\/motokary-karting.sk\/cz\/wp-json\/wp\/v2\/product_brand?post=13349"},{"taxonomy":"product_cat","embeddable":true,"href":"https:\/\/motokary-karting.sk\/cz\/wp-json\/wp\/v2\/product_cat?post=13349"},{"taxonomy":"product_tag","embeddable":true,"href":"https:\/\/motokary-karting.sk\/cz\/wp-json\/wp\/v2\/product_tag?post=13349"}],"curies":[{"name":"wp","href":"https:\/\/api.w.org\/{rel}","templated":true}]}}