{"id":13439,"date":"2022-01-11T19:26:34","date_gmt":"2022-01-11T19:26:34","guid":{"rendered":"https:\/\/motokary-karting.sk\/?post_type=product&#038;p=13439"},"modified":"2024-05-14T08:53:57","modified_gmt":"2024-05-14T08:53:57","slug":"alfano-tyrecontrol-2-plus-meric-tlaku-v-pneumatikach","status":"publish","type":"product","link":"https:\/\/motokary-karting.sk\/cz\/produkt\/alfano-tyrecontrol-2-plus-tlakomer-pneu\/","title":{"rendered":"Alfano Tyrecontrol 2 PLUS - m\u011b\u0159i\u010d tlaku v pneumatik\u00e1ch"},"content":{"rendered":"<p>Alfano Tyrecontrol 2 Plus digit\u00e1ln\u00ed tester tlaku vzduchu s integrovan\u00fdm m\u011b\u0159en\u00edm teploty<\/p>\n<p>- Jednoduch\u00e9 a bezprobl\u00e9mov\u00e9 ovl\u00e1d\u00e1n\u00ed<br \/>\n- Velk\u00fd podsv\u00edcen\u00fd displej<br \/>\n- Regulace tlaku v pneumatik\u00e1ch s p\u0159etlakov\u00fdm ventilem<br \/>\n- M\u011b\u0159en\u00ed tlaku v pneumatik\u00e1ch a teploty asfaltu<br \/>\n- M\u011b\u0159en\u00ed teploty pneumatik (max. 3 body na kolo)<br \/>\n- Rozsah m\u011b\u0159en\u00ed 0-7 bar\u016f<br \/>\n- P\u0159esnost m\u011b\u0159en\u00ed: +\/- 0,01 baru a +\/- 1\u00b0 Celsia<br \/>\n- Zobrazen\u00ed na 2. desetinn\u00e9 m\u00edsto<br \/>\n- Voln\u011b programovateln\u00e1 sekvence m\u011b\u0159en\u00ed<br \/>\n- Ulo\u017een\u00ed a\u017e 5 vozidel v 99 sad\u00e1ch (1 sada = 2 tr\u00e9ninky \u201ep\u0159ed a po z\u00e1vod\u011b\u201c) s 12 m\u011b\u0159en\u00edmi teploty pneumatik + 4 m\u011b\u0159en\u00edmi tlaku vzduchu + 1 m\u011b\u0159en\u00edm teploty asfaltu).<br \/>\n- Displej lze p\u0159epnout na bar nebo psi<br \/>\n- Displej lze p\u0159epnout na stupe\u0148 Celsia nebo Fahrenheita<br \/>\n- Software pro vizu\u00e1ln\u00ed anal\u00fdzu a ukl\u00e1d\u00e1n\u00ed m\u011b\u0159en\u00ed pneumatik je k dispozici ke sta\u017een\u00ed<br \/>\n- Hmotnost p\u0159ibli\u017en\u011b 506 gram\u016f<\/p>\n<p>D\u00edky integrovan\u00e9 funkci Bluetooth lze data st\u00e1hnout do chytr\u00e9ho telefonu nebo tabletu, odeslat a vyhodnotit.<br \/>\nSou\u010d\u00e1st\u00ed dod\u00e1vky je \u00falo\u017en\u00fd box, teplotn\u00ed sonda a 3 rychlospojky (ST, RA a RA-L).<\/p>","protected":false},"excerpt":{"rendered":"<p>Alfano Tyrecontrol 2 Plus digit\u00e1ln\u00ed m\u011b\u0159i\u010d tlaku vzduchu s integrovan\u00fdm m\u011b\u0159en\u00edm teploty - Jednoduch\u00e9, bezprobl\u00e9mov\u00e9 ovl\u00e1d\u00e1n\u00ed - Velk\u00fd podsv\u00edcen\u00fd displej - Regulace tlaku vzduchu v pneumatik\u00e1ch...<\/p>","protected":false},"featured_media":13442,"template":"","meta":[],"product_brand":[],"product_cat":[1142,3223,58],"product_tag":[2930,2136,2138,2137,142,1344,2140,2141,81,560,2931,2932,2139],"class_list":{"0":"post-13439","1":"product","2":"type-product","3":"status-publish","4":"has-post-thumbnail","6":"product_cat-prislusenstvo-pneumatiky","7":"product_cat-tlakomery-pneu","8":"product_cat-vybava-do-garaze","9":"product_tag-alfano-tyrecontrol-2","10":"product_tag-hiprema","11":"product_tag-hiprema-4-digital","12":"product_tag-hiprema-digital","13":"product_tag-karting","14":"product_tag-karting-shop","15":"product_tag-motokarovy-tlakomer","16":"product_tag-motokarovy-tlakomer-hiprema","17":"product_tag-motokary","18":"product_tag-tlakomer","19":"product_tag-tlakomer-alfano","20":"product_tag-tlakomer-alfano-tyrecontrol-2","21":"product_tag-tlakomer-pneu-hiprema","23":"first","24":"onbackorder","25":"taxable","26":"shipping-taxable","27":"purchasable","28":"product-type-simple","29":"customify-col","30":"product-has-gallery"},"aioseo_notices":[],"_links":{"self":[{"href":"https:\/\/motokary-karting.sk\/cz\/wp-json\/wp\/v2\/product\/13439","targetHints":{"allow":["GET"]}}],"collection":[{"href":"https:\/\/motokary-karting.sk\/cz\/wp-json\/wp\/v2\/product"}],"about":[{"href":"https:\/\/motokary-karting.sk\/cz\/wp-json\/wp\/v2\/types\/product"}],"wp:featuredmedia":[{"embeddable":true,"href":"https:\/\/motokary-karting.sk\/cz\/wp-json\/wp\/v2\/media\/13442"}],"wp:attachment":[{"href":"https:\/\/motokary-karting.sk\/cz\/wp-json\/wp\/v2\/media?parent=13439"}],"wp:term":[{"taxonomy":"product_brand","embeddable":true,"href":"https:\/\/motokary-karting.sk\/cz\/wp-json\/wp\/v2\/product_brand?post=13439"},{"taxonomy":"product_cat","embeddable":true,"href":"https:\/\/motokary-karting.sk\/cz\/wp-json\/wp\/v2\/product_cat?post=13439"},{"taxonomy":"product_tag","embeddable":true,"href":"https:\/\/motokary-karting.sk\/cz\/wp-json\/wp\/v2\/product_tag?post=13439"}],"curies":[{"name":"wp","href":"https:\/\/api.w.org\/{rel}","templated":true}]}}