{"id":13455,"date":"2022-01-12T14:26:28","date_gmt":"2022-01-12T14:26:28","guid":{"rendered":"https:\/\/motokary-karting.sk\/?post_type=product&#038;p=13455"},"modified":"2024-02-12T10:09:06","modified_gmt":"2024-02-12T10:09:06","slug":"drzak-bocniho-spoileru-pro-levy-bocni-spoiler-cik-fia-xtr22","status":"publish","type":"product","link":"https:\/\/motokary-karting.sk\/cz\/produkt\/drziak-na-bocny-spojler-lavy-cik-fia-xtr22\/","title":{"rendered":"Dr\u017e\u00e1k bo\u010dn\u00edho spoileru LEV\u00dd - CIK FIA XTR22"},"content":{"rendered":"","protected":false},"excerpt":{"rendered":"","protected":false},"featured_media":13456,"template":"","meta":[],"product_brand":[],"product_cat":[271,184],"product_tag":[193,1658,2712,1344,2711,81,2695,2710,2933],"class_list":{"0":"post-13455","1":"product","2":"type-product","3":"status-publish","4":"has-post-thumbnail","6":"product_cat-nahradne-diely-na-podvozky","7":"product_cat-spojlery-prislusenstvo","8":"product_tag-drziak","9":"product_tag-drziak-bocnych-spojlerov","10":"product_tag-drziaky-na-bocne-spojlery","11":"product_tag-karting-shop","12":"product_tag-motokarova-predajna-pezinok","13":"product_tag-motokary","14":"product_tag-predajna-motokar-pezinok","15":"product_tag-xtr","16":"product_tag-xtr22","18":"first","19":"onbackorder","20":"taxable","21":"shipping-taxable","22":"purchasable","23":"product-type-simple","24":"customify-col"},"aioseo_notices":[],"_links":{"self":[{"href":"https:\/\/motokary-karting.sk\/cz\/wp-json\/wp\/v2\/product\/13455","targetHints":{"allow":["GET"]}}],"collection":[{"href":"https:\/\/motokary-karting.sk\/cz\/wp-json\/wp\/v2\/product"}],"about":[{"href":"https:\/\/motokary-karting.sk\/cz\/wp-json\/wp\/v2\/types\/product"}],"wp:featuredmedia":[{"embeddable":true,"href":"https:\/\/motokary-karting.sk\/cz\/wp-json\/wp\/v2\/media\/13456"}],"wp:attachment":[{"href":"https:\/\/motokary-karting.sk\/cz\/wp-json\/wp\/v2\/media?parent=13455"}],"wp:term":[{"taxonomy":"product_brand","embeddable":true,"href":"https:\/\/motokary-karting.sk\/cz\/wp-json\/wp\/v2\/product_brand?post=13455"},{"taxonomy":"product_cat","embeddable":true,"href":"https:\/\/motokary-karting.sk\/cz\/wp-json\/wp\/v2\/product_cat?post=13455"},{"taxonomy":"product_tag","embeddable":true,"href":"https:\/\/motokary-karting.sk\/cz\/wp-json\/wp\/v2\/product_tag?post=13455"}],"curies":[{"name":"wp","href":"https:\/\/api.w.org\/{rel}","templated":true}]}}