{"id":13805,"date":"2022-01-18T09:33:56","date_gmt":"2022-01-18T09:33:56","guid":{"rendered":"https:\/\/motokary-karting.sk\/?post_type=product&#038;p=13805"},"modified":"2024-06-21T10:32:06","modified_gmt":"2024-06-21T10:32:06","slug":"drzak-palivoveho-cerpadla-mikuni","status":"publish","type":"product","link":"https:\/\/motokary-karting.sk\/cz\/produkt\/drziak-na-benzinove-palivove-cerpadlo-mikuni\/","title":{"rendered":"Dr\u017e\u00e1k benz\u00ednov\u00e9ho (palivov\u00e9ho) \u010derpadla MIKUNI"},"content":{"rendered":"","protected":false},"excerpt":{"rendered":"","protected":false},"featured_media":13806,"template":"","meta":[],"product_brand":[],"product_cat":[271,371],"product_tag":[375,373,142,372,81,374],"class_list":{"0":"post-13805","1":"product","2":"type-product","3":"status-publish","4":"has-post-thumbnail","6":"product_cat-nahradne-diely-na-podvozky","7":"product_cat-ostatne-prislusenstvokmotorom","8":"product_tag-benzinova-pumpa","9":"product_tag-benzinove-cerpadlo","10":"product_tag-karting","11":"product_tag-mikuni","12":"product_tag-motokary","13":"product_tag-palivove-cerpadlo","15":"first","16":"onbackorder","17":"taxable","18":"shipping-taxable","19":"purchasable","20":"product-type-simple","21":"customify-col"},"aioseo_notices":[],"_links":{"self":[{"href":"https:\/\/motokary-karting.sk\/cz\/wp-json\/wp\/v2\/product\/13805","targetHints":{"allow":["GET"]}}],"collection":[{"href":"https:\/\/motokary-karting.sk\/cz\/wp-json\/wp\/v2\/product"}],"about":[{"href":"https:\/\/motokary-karting.sk\/cz\/wp-json\/wp\/v2\/types\/product"}],"wp:featuredmedia":[{"embeddable":true,"href":"https:\/\/motokary-karting.sk\/cz\/wp-json\/wp\/v2\/media\/13806"}],"wp:attachment":[{"href":"https:\/\/motokary-karting.sk\/cz\/wp-json\/wp\/v2\/media?parent=13805"}],"wp:term":[{"taxonomy":"product_brand","embeddable":true,"href":"https:\/\/motokary-karting.sk\/cz\/wp-json\/wp\/v2\/product_brand?post=13805"},{"taxonomy":"product_cat","embeddable":true,"href":"https:\/\/motokary-karting.sk\/cz\/wp-json\/wp\/v2\/product_cat?post=13805"},{"taxonomy":"product_tag","embeddable":true,"href":"https:\/\/motokary-karting.sk\/cz\/wp-json\/wp\/v2\/product_tag?post=13805"}],"curies":[{"name":"wp","href":"https:\/\/api.w.org\/{rel}","templated":true}]}}