{"id":13819,"date":"2022-01-18T09:57:03","date_gmt":"2022-01-18T09:57:03","guid":{"rendered":"https:\/\/motokary-karting.sk\/?post_type=product&#038;p=13819"},"modified":"2026-04-16T17:52:32","modified_gmt":"2026-04-16T17:52:32","slug":"drzak-torzni-tyce-30-mm-cerny","status":"publish","type":"product","link":"https:\/\/motokary-karting.sk\/cz\/produkt\/uchyt-torznej-tyce-stabilizatora-cierny-30mm\/","title":{"rendered":"Uchycen\u00ed torzn\u00ed ty\u010de \/ stabiliz\u00e1toru \u010dern\u00e9"},"content":{"rendered":"","protected":false},"excerpt":{"rendered":"","protected":false},"featured_media":13820,"template":"","meta":[],"product_brand":[],"product_cat":[271,276],"product_tag":[142,1344,81,1665,1664],"class_list":{"0":"post-13819","1":"product","2":"type-product","3":"status-publish","4":"has-post-thumbnail","6":"product_cat-nahradne-diely-na-podvozky","7":"product_cat-ostatne","8":"product_tag-karting","9":"product_tag-karting-shop","10":"product_tag-motokary","11":"product_tag-uchyt-stabilizatora","12":"product_tag-uchyt-torznej-tyce","14":"first","15":"instock","16":"taxable","17":"shipping-taxable","18":"purchasable","19":"product-type-variable","20":"customify-col"},"aioseo_notices":[],"_links":{"self":[{"href":"https:\/\/motokary-karting.sk\/cz\/wp-json\/wp\/v2\/product\/13819","targetHints":{"allow":["GET"]}}],"collection":[{"href":"https:\/\/motokary-karting.sk\/cz\/wp-json\/wp\/v2\/product"}],"about":[{"href":"https:\/\/motokary-karting.sk\/cz\/wp-json\/wp\/v2\/types\/product"}],"wp:featuredmedia":[{"embeddable":true,"href":"https:\/\/motokary-karting.sk\/cz\/wp-json\/wp\/v2\/media\/13820"}],"wp:attachment":[{"href":"https:\/\/motokary-karting.sk\/cz\/wp-json\/wp\/v2\/media?parent=13819"}],"wp:term":[{"taxonomy":"product_brand","embeddable":true,"href":"https:\/\/motokary-karting.sk\/cz\/wp-json\/wp\/v2\/product_brand?post=13819"},{"taxonomy":"product_cat","embeddable":true,"href":"https:\/\/motokary-karting.sk\/cz\/wp-json\/wp\/v2\/product_cat?post=13819"},{"taxonomy":"product_tag","embeddable":true,"href":"https:\/\/motokary-karting.sk\/cz\/wp-json\/wp\/v2\/product_tag?post=13819"}],"curies":[{"name":"wp","href":"https:\/\/api.w.org\/{rel}","templated":true}]}}