{"id":14016,"date":"2022-01-29T23:19:29","date_gmt":"2022-01-29T23:19:29","guid":{"rendered":"https:\/\/motokary-karting.sk\/?post_type=product&#038;p=14016"},"modified":"2026-02-28T08:59:32","modified_gmt":"2026-02-28T08:59:32","slug":"alfano-snimac-teploty-kratky","status":"publish","type":"product","link":"https:\/\/motokary-karting.sk\/cz\/produkt\/alfano-snimac-teploty-kratky\/","title":{"rendered":"Sn\u00edma\u010d teploty vody Alfano - kr\u00e1tk\u00fd"},"content":{"rendered":"<p>\u010cidlo teploty vody NTC M10 - 180cm<\/p>\n<p>Vhodn\u00e9 pouze pro nov\u00fd typ telemetrie Alfano<\/p>","protected":false},"excerpt":{"rendered":"<p>\u010cidlo teploty vody NTC M10 - 180cm Vhodn\u00e9 pouze pro telemetrii Alfano nov\u00fd typ<\/p>","protected":false},"featured_media":14017,"template":"","meta":[],"product_brand":[],"product_cat":[2675,335],"product_tag":[2280,2035,2032,2034,2033,2281,2013,1728,142,2012,1344,2030,2031,81,2014],"class_list":{"0":"post-14016","1":"product","2":"type-product","3":"status-publish","4":"has-post-thumbnail","6":"product_cat-alfano","7":"product_cat-telemetrieapristroje","8":"product_tag-alfano-ads-mag-telemetry-laptimer","9":"product_tag-alfano-karting","10":"product_tag-alfano-laptimer","11":"product_tag-alfano-motokary","12":"product_tag-alfano-telemetria","13":"product_tag-alfanotelemetria-alfano-6-1t-standard-telemetry-laptimer-light","14":"product_tag-casomiera-na-motokaru","15":"product_tag-kart-shop","16":"product_tag-karting","17":"product_tag-karting-motokary","18":"product_tag-karting-shop","19":"product_tag-laptimer","20":"product_tag-laptimer-alfano","21":"product_tag-motokary","22":"product_tag-telemetria-na-motokaru","24":"first","25":"instock","26":"taxable","27":"shipping-taxable","28":"purchasable","29":"product-type-simple","30":"customify-col"},"aioseo_notices":[],"_links":{"self":[{"href":"https:\/\/motokary-karting.sk\/cz\/wp-json\/wp\/v2\/product\/14016","targetHints":{"allow":["GET"]}}],"collection":[{"href":"https:\/\/motokary-karting.sk\/cz\/wp-json\/wp\/v2\/product"}],"about":[{"href":"https:\/\/motokary-karting.sk\/cz\/wp-json\/wp\/v2\/types\/product"}],"wp:featuredmedia":[{"embeddable":true,"href":"https:\/\/motokary-karting.sk\/cz\/wp-json\/wp\/v2\/media\/14017"}],"wp:attachment":[{"href":"https:\/\/motokary-karting.sk\/cz\/wp-json\/wp\/v2\/media?parent=14016"}],"wp:term":[{"taxonomy":"product_brand","embeddable":true,"href":"https:\/\/motokary-karting.sk\/cz\/wp-json\/wp\/v2\/product_brand?post=14016"},{"taxonomy":"product_cat","embeddable":true,"href":"https:\/\/motokary-karting.sk\/cz\/wp-json\/wp\/v2\/product_cat?post=14016"},{"taxonomy":"product_tag","embeddable":true,"href":"https:\/\/motokary-karting.sk\/cz\/wp-json\/wp\/v2\/product_tag?post=14016"}],"curies":[{"name":"wp","href":"https:\/\/api.w.org\/{rel}","templated":true}]}}