{"id":14043,"date":"2022-01-31T13:15:52","date_gmt":"2022-01-31T13:15:52","guid":{"rendered":"https:\/\/motokary-karting.sk\/?post_type=product&#038;p=14043"},"modified":"2026-01-28T17:54:38","modified_gmt":"2026-01-28T17:54:38","slug":"detske-kombinezy-aston-martin","status":"publish","type":"product","link":"https:\/\/motokary-karting.sk\/cz\/produkt\/detska-kombineza-aston-martin\/","title":{"rendered":"D\u011btsk\u00e1 kombin\u00e9za Aston Martin"},"content":{"rendered":"<p>D\u011btsk\u00e9 kombin\u00e9zy (celkov\u011b) Aston Martin. Logo a embl\u00e9m Aston Martin na kombin\u00e9ze. Materi\u00e1l 100% polyester.<\/p>","protected":false},"excerpt":{"rendered":"<p>D\u011btsk\u00e9 kombin\u00e9zy (celkov\u011b) Aston Martin. Logo a embl\u00e9m Aston Martin na kombin\u00e9ze. Materi\u00e1l 100% polyester.<\/p>","protected":false},"featured_media":14047,"template":"","meta":[],"product_brand":[],"product_cat":[22,18],"product_tag":[2938,1499,142,1344,2937,81],"class_list":{"0":"post-14043","1":"product","2":"type-product","3":"status-publish","4":"has-post-thumbnail","6":"product_cat-kombinezy","7":"product_cat-vybava-pretekara","8":"product_tag-aston-martin","9":"product_tag-detska-kombineza","10":"product_tag-karting","11":"product_tag-karting-shop","12":"product_tag-kombineza-pre-deti","13":"product_tag-motokary","15":"first","16":"instock","17":"sale","18":"taxable","19":"shipping-taxable","20":"purchasable","21":"product-type-variable","22":"customify-col","23":"product-has-gallery"},"aioseo_notices":[],"_links":{"self":[{"href":"https:\/\/motokary-karting.sk\/cz\/wp-json\/wp\/v2\/product\/14043","targetHints":{"allow":["GET"]}}],"collection":[{"href":"https:\/\/motokary-karting.sk\/cz\/wp-json\/wp\/v2\/product"}],"about":[{"href":"https:\/\/motokary-karting.sk\/cz\/wp-json\/wp\/v2\/types\/product"}],"wp:featuredmedia":[{"embeddable":true,"href":"https:\/\/motokary-karting.sk\/cz\/wp-json\/wp\/v2\/media\/14047"}],"wp:attachment":[{"href":"https:\/\/motokary-karting.sk\/cz\/wp-json\/wp\/v2\/media?parent=14043"}],"wp:term":[{"taxonomy":"product_brand","embeddable":true,"href":"https:\/\/motokary-karting.sk\/cz\/wp-json\/wp\/v2\/product_brand?post=14043"},{"taxonomy":"product_cat","embeddable":true,"href":"https:\/\/motokary-karting.sk\/cz\/wp-json\/wp\/v2\/product_cat?post=14043"},{"taxonomy":"product_tag","embeddable":true,"href":"https:\/\/motokary-karting.sk\/cz\/wp-json\/wp\/v2\/product_tag?post=14043"}],"curies":[{"name":"wp","href":"https:\/\/api.w.org\/{rel}","templated":true}]}}