{"id":14127,"date":"2022-02-02T21:45:41","date_gmt":"2022-02-02T21:45:41","guid":{"rendered":"https:\/\/motokary-karting.sk\/?post_type=product&#038;p=14127"},"modified":"2024-10-14T08:38:04","modified_gmt":"2024-10-14T08:38:04","slug":"vzduchovy-filtr-kg-nitro-kz","status":"publish","type":"product","link":"https:\/\/motokary-karting.sk\/cz\/produkt\/vzduchovy-filter-kg-nitro-kz\/","title":{"rendered":"Vzduchov\u00fd filtr - KG Nitro (KZ)"},"content":{"rendered":"<p>P\u0159edstavujeme nov\u00fd tlumi\u010d KG Nitro, do kter\u00e9ho v\u00fdrobce investoval velk\u00e9 prost\u0159edky, aby dos\u00e1hl co nejlep\u0161\u00edho v\u00fdkonu optimalizac\u00ed poklesu tlaku, kvality a pln\u00e9ho souladu s p\u0159edpisy CIK\/FIA. To v\u0161e za pomoci dlouh\u00e9ho vlastn\u00edho v\u00fdzkumu s vyu\u017eit\u00edm CFD a ve spolupr\u00e1ci se specializovanou laborato\u0159\u00ed na proplachov\u00e1n\u00ed sac\u00edho syst\u00e9mu spalovac\u00edch motor\u016f.<\/p>\n<p>V\u0161echny vnit\u0159n\u00ed sou\u010d\u00e1sti jsou nov\u00e9 s velkou investic\u00ed od z\u00e1kladu a bez renovace st\u00e1vaj\u00edc\u00edch n\u00e1hradn\u00edch d\u00edl\u016f, a to kv\u016fli snaze vytvo\u0159it produkt, kter\u00fd by mohl p\u0159in\u00e9st ni\u017e\u0161\u00ed v\u00fdrobn\u00ed n\u00e1klady na \u00fakor inovac\u00ed, co\u017e je daleko od strategie, s n\u00ed\u017e NITRO vzniklo. .<\/p>","protected":false},"excerpt":{"rendered":"<p>P\u0159edstavujeme nov\u00fd tlumi\u010d KG Nitro, do kter\u00e9ho v\u00fdrobce investoval velk\u00e9 prost\u0159edky, aby dos\u00e1hl co nejlep\u0161\u00edho v\u00fdkonu optimalizac\u00ed poklesu tlaku, kvality a pln\u00e9ho souladu s p\u0159edpisy CIK\/FIA.....<\/p>","protected":false},"featured_media":14130,"template":"","meta":[],"product_brand":[],"product_cat":[390,645],"product_tag":[1625,2944,391,1633,1628,1629,1728,142,1344,2943,2945,81,392,2946,1632,1630,1631],"class_list":{"0":"post-14127","1":"product","2":"type-product","3":"status-publish","4":"has-post-thumbnail","6":"product_cat-filtre-vzduchu","7":"product_cat-nahradne-diely-na-motory","8":"product_tag-aktivny-vzduchovy-filter","9":"product_tag-filter-kg","10":"product_tag-filter-vzduchu","11":"product_tag-filter-vzduchu-125cm","12":"product_tag-filter-vzduchu-ok","13":"product_tag-fioter-vzduchu-okj","14":"product_tag-kart-shop","15":"product_tag-karting","16":"product_tag-karting-shop","17":"product_tag-kg-nitro","18":"product_tag-kg-vzduchovy-filter","19":"product_tag-motokary","20":"product_tag-vzduchovy-filter","21":"product_tag-vzduchovy-filter-kg-nitro","22":"product_tag-vzduchovy-filter-kz","23":"product_tag-vzduchovy-filter-ok","24":"product_tag-vzduchovy-filter-okj","26":"first","27":"onbackorder","28":"taxable","29":"shipping-taxable","30":"purchasable","31":"product-type-variable","32":"customify-col"},"aioseo_notices":[],"_links":{"self":[{"href":"https:\/\/motokary-karting.sk\/cz\/wp-json\/wp\/v2\/product\/14127","targetHints":{"allow":["GET"]}}],"collection":[{"href":"https:\/\/motokary-karting.sk\/cz\/wp-json\/wp\/v2\/product"}],"about":[{"href":"https:\/\/motokary-karting.sk\/cz\/wp-json\/wp\/v2\/types\/product"}],"wp:featuredmedia":[{"embeddable":true,"href":"https:\/\/motokary-karting.sk\/cz\/wp-json\/wp\/v2\/media\/14130"}],"wp:attachment":[{"href":"https:\/\/motokary-karting.sk\/cz\/wp-json\/wp\/v2\/media?parent=14127"}],"wp:term":[{"taxonomy":"product_brand","embeddable":true,"href":"https:\/\/motokary-karting.sk\/cz\/wp-json\/wp\/v2\/product_brand?post=14127"},{"taxonomy":"product_cat","embeddable":true,"href":"https:\/\/motokary-karting.sk\/cz\/wp-json\/wp\/v2\/product_cat?post=14127"},{"taxonomy":"product_tag","embeddable":true,"href":"https:\/\/motokary-karting.sk\/cz\/wp-json\/wp\/v2\/product_tag?post=14127"}],"curies":[{"name":"wp","href":"https:\/\/api.w.org\/{rel}","templated":true}]}}