{"id":14131,"date":"2022-02-02T21:59:01","date_gmt":"2022-02-02T21:59:01","guid":{"rendered":"https:\/\/motokary-karting.sk\/?post_type=product&#038;p=14131"},"modified":"2024-10-14T08:39:21","modified_gmt":"2024-10-14T08:39:21","slug":"vzduchovy-filtr-power-kg-nitro-kz","status":"publish","type":"product","link":"https:\/\/motokary-karting.sk\/cz\/produkt\/vzduchovy-filter-power-kg-nitro-kz\/","title":{"rendered":"Vzduchov\u00fd filtr - POWER KG Nitro (KZ)"},"content":{"rendered":"<p>Nov\u00fd tlumi\u010d s\u00e1n\u00ed POWER se vyzna\u010duje vylep\u0161enou dynamikou spodn\u00ed \u010d\u00e1sti motoru, p\u0159edev\u0161\u00edm propojen\u00edm proud\u011bn\u00ed ve sm\u011bru ke karbur\u00e1toru. Nov\u00e1 man\u017eeta je navr\u017eena tak, aby minimalizovala man\u017eetov\u00fd oblek, p\u0159i\u010dem\u017e karbur\u00e1tor p\u0159ech\u00e1z\u00ed p\u0159\u00edmo do sac\u00ed komory za filtrem zna\u010dn\u00e9 velikosti, kter\u00e1 se bl\u00ed\u017e\u00ed objemov\u00e9mu limitu stanoven\u00e9mu p\u0159edpisy, co\u017e ocen\u00ed zejm\u00e9na motory KZ vybaven\u00e9 karbur\u00e1torem s Venturiho trubic\u00ed o pr\u016fm\u011bru 30 mm.<\/p>\n<p>Tato velmi kr\u00e1tk\u00e1 a pod \u00fahlem 5\u00b0 naklon\u011bn\u00e1 obj\u00edmka je dokonale spojena, aby umo\u017enila instalaci tlumi\u010de s\u00e1n\u00ed s p\u0159\u00edvodem vzduchu t\u00e9m\u011b\u0159 rovnob\u011b\u017en\u011b se zem\u00ed pro dosa\u017een\u00ed maxim\u00e1ln\u00edho dynamick\u00e9ho v\u00fdkonu. Sou\u010d\u00e1st\u00ed dod\u00e1vky je druh\u00e1 obj\u00edmka se zv\u00fd\u0161en\u00fdm sklonem, kter\u00e1 je oto\u010dena do spr\u00e1vn\u00e9 polohy a umo\u017e\u0148uje instalaci tlumi\u010de tak\u00e9 pod \u00fahlem s men\u0161\u00ed \u201cdynamikou\u201d, tj. se s\u00e1n\u00edm m\u00edrn\u011b sm\u011b\u0159uj\u00edc\u00edm dol\u016f, co\u017e v p\u0159\u00edpad\u011b pot\u0159eby poskytuje v\u00edce prostoru pro jezdce, a nav\u00edc se dok\u00e1\u017ee p\u0159izp\u016fsobit motor\u016fm se sklonem karbur\u00e1toru velmi rovnob\u011b\u017en\u00fdm se zem\u00ed.<\/p>\n<p>Velkou novinkou je v\u0161ak spolupr\u00e1ce mezi spole\u010dnostmi KG a SPRINT FILTER, kter\u00e1 vedla k vytvo\u0159en\u00ed nov\u00e9ho a specifick\u00e9ho kazetov\u00e9ho filtru.<\/p>\n<p>Sprint Filter je nejstar\u0161\u00edm v\u00fdrobcem v\u00fdkonn\u00fdch vzduchov\u00fdch filtr\u016f na sv\u011bt\u011b ji\u017e od roku 1952 a dnes je tak\u00e9 p\u0159edn\u00edm sv\u011btov\u00fdm dodavatelem pro motorsport.<\/p>\n<p>Spole\u010dnost KG na\u0161la ve spole\u010dnosti Sprintfilter ide\u00e1ln\u00edho partnera pro v\u00fdrazn\u00e9 zlep\u0161en\u00ed kvality vnit\u0159n\u00edho kazetov\u00e9ho filtru.<\/p>\n<p>Spole\u010dnost Sprint Filter vyvinula pro spole\u010dnost KG kazetov\u00fd filtr (vnit\u0159n\u00ed) speci\u00e1ln\u011b ur\u010den\u00fd pro vzduchovou komoru POWER, kter\u00fd pou\u017e\u00edv\u00e1 specifick\u00fd v\u00edcepatentovan\u00fd polyesterov\u00fd s\u00ed\u0165ov\u00fd vzduchov\u00fd filtr s filtra\u010dn\u00edm m\u00e9diem P037 vybaven\u00fd pr\u016ftokem vzduchu 4 500 l\/m2 ve srovn\u00e1n\u00ed s velmi vysok\u00fdm stupn\u011bm filtrace 37 \u03bcm, d\u00edky \u010demu\u017e skv\u011ble p\u0159ekra\u010duje p\u0159\u00edsn\u00e9 filtra\u010dn\u00ed normy ISO 5011:201. P037 je tak\u00e9 jedin\u00fdm vzduchov\u00fdm filtrem na sv\u011bt\u011b, kter\u00fd se m\u016f\u017ee pochlubit vodot\u011bsnou technologi\u00ed. Spole\u010dnost Sprint Filter m\u00e1 toti\u017e patent, kter\u00fd j\u00ed umo\u017e\u0148uje jako jedin\u00e9mu v\u00fdrobci na sv\u011bt\u011b vyr\u00e1b\u011bt vzduchov\u00e9 filtry, kter\u00e9 umo\u017e\u0148uj\u00ed pr\u016fchod vzduchu t\u00edm, \u017ee odpuzuj\u00ed vodu d\u00edky speci\u00e1ln\u00ed trval\u00e9 \u00faprav\u011b na filtra\u010dn\u00ed s\u00ed\u0165ce. Na rozd\u00edl od v\u0161ech vysoce v\u00fdkonn\u00fdch vzduchov\u00fdch filtr\u016f je vzduchov\u00fd filtr Sprint Filter skute\u010dn\u011b v\u011b\u010dn\u00fd, nepot\u0159ebuje \u017e\u00e1dn\u00fd olejov\u00fd nosi\u010d k zachycen\u00ed ne\u010distot a regeneruje se b\u011bhem n\u011bkolika sekund pouze pomoc\u00ed stla\u010den\u00e9ho vzduchu. Tento vnit\u0159n\u00ed filtr m\u00e1 tedy dokonale kalibrovanou polyesterovou s\u00ed\u0165ovinu, kde propl\u00e9t\u00e1n\u00ed polyesterov\u00fdch vl\u00e1ken ur\u010duje st\u00e1lou st\u00e1lost otvor\u016f pro pr\u016fchod vzduchu, kter\u00e1 se rovn\u00e1 37 mikron\u016fm. V\u0161echny filtry jsou stejn\u00e9 a v pr\u016fb\u011bhu \u010dasu se nem\u011bn\u00ed. Bavln\u011bn\u00e1 tkanina pou\u017eit\u00e1 v modelu NITRO v\u0161ak bohu\u017eel vykazuje nekonzistenci, kter\u00e1 je zp\u016fsobena povahou bavlny s mnoha \u201cchloupky\u201d, kter\u00e9 naru\u0161uj\u00ed pr\u016fto\u010dnost. Toto propl\u00e9t\u00e1n\u00ed polyesteru je dokonale hladk\u00e9 a kalibrovan\u00e9. Predikce zat\u00ed\u017een\u00ed je ve srovn\u00e1n\u00ed s bavln\u011bnou tkaninou skute\u010dn\u011b lep\u0161\u00ed a p\u0159edev\u0161\u00edm s velkou st\u00e1lost\u00ed. Nezam\u011b\u0148ovat s TNT (netkanou textili\u00ed) z polyesteru, co\u017e je vlastn\u011b pap\u00edr se \u0161patnou prody\u0161nost\u00ed, pou\u017e\u00edvan\u00fd v mnoha ekonomick\u00fdch filtrech. Technologick\u00e1 \u00farove\u0148 tohoto filtru Sprintfilter PO37 m\u00e1 nejvy\u0161\u0161\u00ed hodnotu a s t\u00edm souvis\u00ed i cena rozhodn\u011b d\u016fle\u017eit\u00e1 ve srovn\u00e1n\u00ed s bavln\u011bn\u00fdm filtrem modelu Nitro. K dispozici je verze s 23mm nebo 30mm tromboncini, samostatn\u011b a origin\u00e1ln\u00ed podp\u011brou.<\/p>","protected":false},"excerpt":{"rendered":"<p>Nov\u00fd tlumi\u010d s\u00e1n\u00ed POWER se vyzna\u010duje vylep\u0161enou dynamikou spodn\u00ed \u010d\u00e1sti, kter\u00e1 nejv\u00edce propojuje proud\u011bn\u00ed ve sm\u011bru ke karbur\u00e1toru. Nov\u00e1 man\u017eeta je navr\u017eena tak, aby minimalizovala...<\/p>","protected":false},"featured_media":14133,"template":"","meta":[],"product_brand":[],"product_cat":[390,645],"product_tag":[1625,2944,391,1633,1628,1629,1728,142,1344,2943,2945,81,392,2946,1632,1630,1631],"class_list":{"0":"post-14131","1":"product","2":"type-product","3":"status-publish","4":"has-post-thumbnail","6":"product_cat-filtre-vzduchu","7":"product_cat-nahradne-diely-na-motory","8":"product_tag-aktivny-vzduchovy-filter","9":"product_tag-filter-kg","10":"product_tag-filter-vzduchu","11":"product_tag-filter-vzduchu-125cm","12":"product_tag-filter-vzduchu-ok","13":"product_tag-fioter-vzduchu-okj","14":"product_tag-kart-shop","15":"product_tag-karting","16":"product_tag-karting-shop","17":"product_tag-kg-nitro","18":"product_tag-kg-vzduchovy-filter","19":"product_tag-motokary","20":"product_tag-vzduchovy-filter","21":"product_tag-vzduchovy-filter-kg-nitro","22":"product_tag-vzduchovy-filter-kz","23":"product_tag-vzduchovy-filter-ok","24":"product_tag-vzduchovy-filter-okj","26":"first","27":"onbackorder","28":"taxable","29":"shipping-taxable","30":"purchasable","31":"product-type-variable","32":"customify-col","33":"product-has-gallery"},"aioseo_notices":[],"_links":{"self":[{"href":"https:\/\/motokary-karting.sk\/cz\/wp-json\/wp\/v2\/product\/14131","targetHints":{"allow":["GET"]}}],"collection":[{"href":"https:\/\/motokary-karting.sk\/cz\/wp-json\/wp\/v2\/product"}],"about":[{"href":"https:\/\/motokary-karting.sk\/cz\/wp-json\/wp\/v2\/types\/product"}],"wp:featuredmedia":[{"embeddable":true,"href":"https:\/\/motokary-karting.sk\/cz\/wp-json\/wp\/v2\/media\/14133"}],"wp:attachment":[{"href":"https:\/\/motokary-karting.sk\/cz\/wp-json\/wp\/v2\/media?parent=14131"}],"wp:term":[{"taxonomy":"product_brand","embeddable":true,"href":"https:\/\/motokary-karting.sk\/cz\/wp-json\/wp\/v2\/product_brand?post=14131"},{"taxonomy":"product_cat","embeddable":true,"href":"https:\/\/motokary-karting.sk\/cz\/wp-json\/wp\/v2\/product_cat?post=14131"},{"taxonomy":"product_tag","embeddable":true,"href":"https:\/\/motokary-karting.sk\/cz\/wp-json\/wp\/v2\/product_tag?post=14131"}],"curies":[{"name":"wp","href":"https:\/\/api.w.org\/{rel}","templated":true}]}}