{"id":14138,"date":"2022-02-02T22:09:47","date_gmt":"2022-02-02T22:09:47","guid":{"rendered":"https:\/\/motokary-karting.sk\/?post_type=product&#038;p=14138"},"modified":"2026-03-18T07:17:17","modified_gmt":"2026-03-18T07:17:17","slug":"drzak-vzduchoveho-filtru-kg-nitro","status":"publish","type":"product","link":"https:\/\/motokary-karting.sk\/cz\/produkt\/drziak-na-vzduchovy-filter-kg-nitro\/","title":{"rendered":"KG Nitro dr\u017e\u00e1k vzduchov\u00e9ho filtru"},"content":{"rendered":"","protected":false},"excerpt":{"rendered":"","protected":false},"featured_media":14141,"template":"","meta":[],"product_brand":[],"product_cat":[390,645],"product_tag":[1625,2944,391,1633,1628,1629,1728,142,1344,2943,2945,81,392,2946,1632,1630,1631],"class_list":{"0":"post-14138","1":"product","2":"type-product","3":"status-publish","4":"has-post-thumbnail","6":"product_cat-filtre-vzduchu","7":"product_cat-nahradne-diely-na-motory","8":"product_tag-aktivny-vzduchovy-filter","9":"product_tag-filter-kg","10":"product_tag-filter-vzduchu","11":"product_tag-filter-vzduchu-125cm","12":"product_tag-filter-vzduchu-ok","13":"product_tag-fioter-vzduchu-okj","14":"product_tag-kart-shop","15":"product_tag-karting","16":"product_tag-karting-shop","17":"product_tag-kg-nitro","18":"product_tag-kg-vzduchovy-filter","19":"product_tag-motokary","20":"product_tag-vzduchovy-filter","21":"product_tag-vzduchovy-filter-kg-nitro","22":"product_tag-vzduchovy-filter-kz","23":"product_tag-vzduchovy-filter-ok","24":"product_tag-vzduchovy-filter-okj","26":"first","27":"onbackorder","28":"sale","29":"taxable","30":"shipping-taxable","31":"purchasable","32":"product-type-simple","33":"customify-col"},"aioseo_notices":[],"_links":{"self":[{"href":"https:\/\/motokary-karting.sk\/cz\/wp-json\/wp\/v2\/product\/14138","targetHints":{"allow":["GET"]}}],"collection":[{"href":"https:\/\/motokary-karting.sk\/cz\/wp-json\/wp\/v2\/product"}],"about":[{"href":"https:\/\/motokary-karting.sk\/cz\/wp-json\/wp\/v2\/types\/product"}],"wp:featuredmedia":[{"embeddable":true,"href":"https:\/\/motokary-karting.sk\/cz\/wp-json\/wp\/v2\/media\/14141"}],"wp:attachment":[{"href":"https:\/\/motokary-karting.sk\/cz\/wp-json\/wp\/v2\/media?parent=14138"}],"wp:term":[{"taxonomy":"product_brand","embeddable":true,"href":"https:\/\/motokary-karting.sk\/cz\/wp-json\/wp\/v2\/product_brand?post=14138"},{"taxonomy":"product_cat","embeddable":true,"href":"https:\/\/motokary-karting.sk\/cz\/wp-json\/wp\/v2\/product_cat?post=14138"},{"taxonomy":"product_tag","embeddable":true,"href":"https:\/\/motokary-karting.sk\/cz\/wp-json\/wp\/v2\/product_tag?post=14138"}],"curies":[{"name":"wp","href":"https:\/\/api.w.org\/{rel}","templated":true}]}}