{"id":14153,"date":"2022-02-04T11:50:01","date_gmt":"2022-02-04T11:50:01","guid":{"rendered":"https:\/\/motokary-karting.sk\/?post_type=product&#038;p=14153"},"modified":"2025-08-29T14:15:21","modified_gmt":"2025-08-29T14:15:21","slug":"mojo-sada-pneumatik-4ks-cw-cik-36-10-5-2x-predni-45-11-5-2x-zadni","status":"publish","type":"product","link":"https:\/\/motokary-karting.sk\/cz\/produkt\/mojo-sada-pneu-4ks-cw-cik-36-10-5-2x-predna-45-11-5-2x-zadna\/","title":{"rendered":"Sada 4 pneumatik MOJO - CW CIK | 2x p\u0159edn\u00ed 3.6 + 2x zadn\u00ed 4.5"},"content":{"rendered":"","protected":false},"excerpt":{"rendered":"","protected":false},"featured_media":14154,"template":"","meta":[],"product_brand":[],"product_cat":[118,20],"product_tag":[142,119,2613,2949,1359,1284,2951,1358,425,81,50,1283,2614,2948,1360,1102,2950,1357,182,183],"class_list":{"0":"post-14153","1":"product","2":"type-product","3":"status-publish","4":"has-post-thumbnail","6":"product_cat-mojo","7":"product_cat-pneumatiky","8":"product_tag-karting","9":"product_tag-mojo","10":"product_tag-mojo-c2","11":"product_tag-mojo-cw","12":"product_tag-mojo-d5","13":"product_tag-mojo-pneu","14":"product_tag-mojo-pneu-do-dazda","15":"product_tag-mojo-pneumatiky","16":"product_tag-motokarove-pneu","17":"product_tag-motokary","18":"product_tag-pneu","19":"product_tag-pneu-mojo","20":"product_tag-pneu-mojo-c2","21":"product_tag-pneu-mojo-cw","22":"product_tag-pneu-mojo-d5","23":"product_tag-pneu-na-motokary","24":"product_tag-pneumatiky-do-dazda-mojoe","25":"product_tag-pneumatiky-mojo","26":"product_tag-sadapneu","27":"product_tag-sadapneuvega","29":"first","30":"onbackorder","31":"taxable","32":"shipping-taxable","33":"purchasable","34":"product-type-simple","35":"customify-col"},"aioseo_notices":[],"_links":{"self":[{"href":"https:\/\/motokary-karting.sk\/cz\/wp-json\/wp\/v2\/product\/14153","targetHints":{"allow":["GET"]}}],"collection":[{"href":"https:\/\/motokary-karting.sk\/cz\/wp-json\/wp\/v2\/product"}],"about":[{"href":"https:\/\/motokary-karting.sk\/cz\/wp-json\/wp\/v2\/types\/product"}],"wp:featuredmedia":[{"embeddable":true,"href":"https:\/\/motokary-karting.sk\/cz\/wp-json\/wp\/v2\/media\/14154"}],"wp:attachment":[{"href":"https:\/\/motokary-karting.sk\/cz\/wp-json\/wp\/v2\/media?parent=14153"}],"wp:term":[{"taxonomy":"product_brand","embeddable":true,"href":"https:\/\/motokary-karting.sk\/cz\/wp-json\/wp\/v2\/product_brand?post=14153"},{"taxonomy":"product_cat","embeddable":true,"href":"https:\/\/motokary-karting.sk\/cz\/wp-json\/wp\/v2\/product_cat?post=14153"},{"taxonomy":"product_tag","embeddable":true,"href":"https:\/\/motokary-karting.sk\/cz\/wp-json\/wp\/v2\/product_tag?post=14153"}],"curies":[{"name":"wp","href":"https:\/\/api.w.org\/{rel}","templated":true}]}}