{"id":14296,"date":"2022-02-23T21:08:25","date_gmt":"2022-02-23T21:08:25","guid":{"rendered":"https:\/\/motokary-karting.sk\/?post_type=product&#038;p=14296"},"modified":"2023-02-20T12:09:29","modified_gmt":"2023-02-20T12:09:29","slug":"pist-vertex-tm-k10c-r1","status":"publish","type":"product","link":"https:\/\/motokary-karting.sk\/cz\/produkt\/piest-vertex-tm-k10c-r1\/","title":{"rendered":"P\u00edst VERTEX TM K10C - R1"},"content":{"rendered":"<p>P\u00edst TM Racing KZ10C KZ R1 - Flat Sky ZERO STEP! - SEGMENT 0,8mm - Original<\/p>\n<p>Pro jeho pou\u017eit\u00ed je nutn\u00e9 namontovat novou kopuli s k\u00f3dem CUP2641 (KZ10C KZ R1), kterou lze vybrat v t\u00e9to \u010d\u00e1sti str\u00e1nky.<\/p>\n<p>V\u0161echny p\u00edsty jsou vybaveny segmentem (p\u00edstn\u00edm krou\u017ekem), \u010depem a dv\u011bma pojistn\u00fdmi krou\u017eky.<\/p>\n<p>NOV\u00c9 VYLAD\u011aN\u00c9 P\u00cdSTY!<\/p>\n<p>Zvolte si, zda chcete standardn\u00ed p\u00edst, nebo si vyberte typ lad\u011bn\u00ed ze dvou dostupn\u00fdch mo\u017enost\u00ed:<\/p>\n<p>- Z\u00e1vodn\u00ed (odleh\u010den\u00ed, vyhlazen\u00ed dna p\u00edstu)<\/p>\n<p>- Extr\u00e9mn\u00ed (extr\u00e9mn\u00ed odleh\u010den\u00ed, bo\u010dn\u00ed, spodn\u00ed, vnit\u0159n\u00ed p\u00edst)<\/p>","protected":false},"excerpt":{"rendered":"<p>P\u00edst TM Racing KZ10C KZ R1 - Flat Sky ZERO TIER! - SEGMENT 0,8mm - Original Pro pou\u017eit\u00ed je t\u0159eba namontovat novou kopuli s...<\/p>","protected":false},"featured_media":14301,"template":"","meta":[],"product_brand":[],"product_cat":[2332,2333,645,858],"product_tag":[142,1344,2825,81,2824,2826,2978,2823,2827,2979],"class_list":{"0":"post-14296","1":"product","2":"type-product","3":"status-publish","4":"has-post-thumbnail","6":"product_cat-model-tm-k10c","7":"product_cat-model-tm-kz-r1","8":"product_cat-nahradne-diely-na-motory","9":"product_cat-tm-racing-nahradne-diely-na-motory","10":"product_tag-karting","11":"product_tag-karting-shop","12":"product_tag-motokarovy-piest","13":"product_tag-motokary","14":"product_tag-piest-do-motora-tm-racing","15":"product_tag-piest-na-motokaru","16":"product_tag-piest-tm-k10c","17":"product_tag-piest-tm-racing","18":"product_tag-piest-tm-racing-k9b","19":"product_tag-piest-tm-racing-kz-r1","21":"first","22":"onbackorder","23":"taxable","24":"shipping-taxable","25":"purchasable","26":"product-type-variable","27":"customify-col"},"aioseo_notices":[],"_links":{"self":[{"href":"https:\/\/motokary-karting.sk\/cz\/wp-json\/wp\/v2\/product\/14296","targetHints":{"allow":["GET"]}}],"collection":[{"href":"https:\/\/motokary-karting.sk\/cz\/wp-json\/wp\/v2\/product"}],"about":[{"href":"https:\/\/motokary-karting.sk\/cz\/wp-json\/wp\/v2\/types\/product"}],"wp:featuredmedia":[{"embeddable":true,"href":"https:\/\/motokary-karting.sk\/cz\/wp-json\/wp\/v2\/media\/14301"}],"wp:attachment":[{"href":"https:\/\/motokary-karting.sk\/cz\/wp-json\/wp\/v2\/media?parent=14296"}],"wp:term":[{"taxonomy":"product_brand","embeddable":true,"href":"https:\/\/motokary-karting.sk\/cz\/wp-json\/wp\/v2\/product_brand?post=14296"},{"taxonomy":"product_cat","embeddable":true,"href":"https:\/\/motokary-karting.sk\/cz\/wp-json\/wp\/v2\/product_cat?post=14296"},{"taxonomy":"product_tag","embeddable":true,"href":"https:\/\/motokary-karting.sk\/cz\/wp-json\/wp\/v2\/product_tag?post=14296"}],"curies":[{"name":"wp","href":"https:\/\/api.w.org\/{rel}","templated":true}]}}