{"id":14381,"date":"2022-02-28T11:14:27","date_gmt":"2022-02-28T11:14:27","guid":{"rendered":"https:\/\/motokary-karting.sk\/?post_type=product&#038;p=14381"},"modified":"2022-02-28T11:14:28","modified_gmt":"2022-02-28T11:14:28","slug":"plovouci-sroub-brzdoveho-kotouce-pro-brzdy-typu-ma20-ma21","status":"publish","type":"product","link":"https:\/\/motokary-karting.sk\/cz\/produkt\/skrutka-plavajuceho-brzdoveho-kotuca-pre-brzdy-typu-ma20-ma21\/","title":{"rendered":"Plovouc\u00ed \u0161roub brzdov\u00e9ho kotou\u010de pro brzdy typu MA20\/MA21"},"content":{"rendered":"","protected":false},"excerpt":{"rendered":"","protected":false},"featured_media":14384,"template":"","meta":[],"product_brand":[],"product_cat":[1548,302,271,1550],"product_tag":[142,2984,81,2982,2983],"class_list":{"0":"post-14381","1":"product","2":"type-product","3":"status-publish","4":"has-post-thumbnail","6":"product_cat-brzdove-kotuce","7":"product_cat-brzdy-prislusenstvo","8":"product_cat-nahradne-diely-na-podvozky","9":"product_cat-ostatne-brzdy-prislusenstvo","10":"product_tag-karting","11":"product_tag-kartingshop","12":"product_tag-motokary","13":"product_tag-skrutka-brzdoveho-kotuca","14":"product_tag-skrutka-na-brzdovy-kotuc","16":"first","17":"instock","18":"taxable","19":"shipping-taxable","20":"purchasable","21":"product-type-variable","22":"customify-col"},"aioseo_notices":[],"_links":{"self":[{"href":"https:\/\/motokary-karting.sk\/cz\/wp-json\/wp\/v2\/product\/14381","targetHints":{"allow":["GET"]}}],"collection":[{"href":"https:\/\/motokary-karting.sk\/cz\/wp-json\/wp\/v2\/product"}],"about":[{"href":"https:\/\/motokary-karting.sk\/cz\/wp-json\/wp\/v2\/types\/product"}],"wp:featuredmedia":[{"embeddable":true,"href":"https:\/\/motokary-karting.sk\/cz\/wp-json\/wp\/v2\/media\/14384"}],"wp:attachment":[{"href":"https:\/\/motokary-karting.sk\/cz\/wp-json\/wp\/v2\/media?parent=14381"}],"wp:term":[{"taxonomy":"product_brand","embeddable":true,"href":"https:\/\/motokary-karting.sk\/cz\/wp-json\/wp\/v2\/product_brand?post=14381"},{"taxonomy":"product_cat","embeddable":true,"href":"https:\/\/motokary-karting.sk\/cz\/wp-json\/wp\/v2\/product_cat?post=14381"},{"taxonomy":"product_tag","embeddable":true,"href":"https:\/\/motokary-karting.sk\/cz\/wp-json\/wp\/v2\/product_tag?post=14381"}],"curies":[{"name":"wp","href":"https:\/\/api.w.org\/{rel}","templated":true}]}}