{"id":14590,"date":"2022-03-23T08:47:48","date_gmt":"2022-03-23T08:47:48","guid":{"rendered":"https:\/\/motokary-karting.sk\/?post_type=product&#038;p=14590"},"modified":"2026-01-29T13:39:46","modified_gmt":"2026-01-29T13:39:46","slug":"hlinikova-tyc-razeni-cerna-8mm-495cm","status":"publish","type":"product","link":"https:\/\/motokary-karting.sk\/cz\/produkt\/tycka-radenia-hlinikova-cierna-8mm-495cm\/","title":{"rendered":"\u0158adic\u00ed ty\u010d - hlin\u00edkov\u00e1 \u010dern\u00e1 8mm | 49,5cm"},"content":{"rendered":"","protected":false},"excerpt":{"rendered":"","protected":false},"featured_media":1545,"template":"","meta":[],"product_brand":[],"product_cat":[2755,2756,2332,2822,2331,2333,645,271,276,858],"product_tag":[1344,34,2329,81,2993,289,305,2327,288,2992,2328],"class_list":{"0":"post-14590","1":"product","2":"type-product","3":"status-publish","4":"has-post-thumbnail","6":"product_cat-model-tm-k10","7":"product_cat-model-tm-k10b","8":"product_cat-model-tm-k10c","9":"product_cat-model-tm-k9b","10":"product_cat-model-tm-k9c","11":"product_cat-model-tm-kz-r1","12":"product_cat-nahradne-diely-na-motory","13":"product_cat-nahradne-diely-na-podvozky","14":"product_cat-ostatne","15":"product_cat-tm-racing-nahradne-diely-na-motory","16":"product_tag-karting-shop","17":"product_tag-motokara","18":"product_tag-motokarove-tycky-riadenia","19":"product_tag-motokary","20":"product_tag-radiaca-tycka","21":"product_tag-spojovacia-tycka","22":"product_tag-spojovacia-tycka-riadenia","23":"product_tag-spojovacie-tycky-na-riadenie","24":"product_tag-spojovacka","25":"product_tag-tycka-radenia","26":"product_tag-tycky-riadenia","28":"first","29":"instock","30":"taxable","31":"shipping-taxable","32":"purchasable","33":"product-type-simple","34":"customify-col"},"aioseo_notices":[],"_links":{"self":[{"href":"https:\/\/motokary-karting.sk\/cz\/wp-json\/wp\/v2\/product\/14590","targetHints":{"allow":["GET"]}}],"collection":[{"href":"https:\/\/motokary-karting.sk\/cz\/wp-json\/wp\/v2\/product"}],"about":[{"href":"https:\/\/motokary-karting.sk\/cz\/wp-json\/wp\/v2\/types\/product"}],"wp:featuredmedia":[{"embeddable":true,"href":"https:\/\/motokary-karting.sk\/cz\/wp-json\/wp\/v2\/media\/1545"}],"wp:attachment":[{"href":"https:\/\/motokary-karting.sk\/cz\/wp-json\/wp\/v2\/media?parent=14590"}],"wp:term":[{"taxonomy":"product_brand","embeddable":true,"href":"https:\/\/motokary-karting.sk\/cz\/wp-json\/wp\/v2\/product_brand?post=14590"},{"taxonomy":"product_cat","embeddable":true,"href":"https:\/\/motokary-karting.sk\/cz\/wp-json\/wp\/v2\/product_cat?post=14590"},{"taxonomy":"product_tag","embeddable":true,"href":"https:\/\/motokary-karting.sk\/cz\/wp-json\/wp\/v2\/product_tag?post=14590"}],"curies":[{"name":"wp","href":"https:\/\/api.w.org\/{rel}","templated":true}]}}