{"id":14622,"date":"2022-03-29T09:02:13","date_gmt":"2022-03-29T09:02:13","guid":{"rendered":"https:\/\/motokary-karting.sk\/?post_type=product&#038;p=14622"},"modified":"2026-04-14T09:52:25","modified_gmt":"2026-04-14T09:52:25","slug":"brzdova-kapalina-xeramic-dot4-250ml","status":"publish","type":"product","link":"https:\/\/motokary-karting.sk\/cz\/produkt\/brzdova-kvapalina-xeramic-dot4-250ml\/","title":{"rendered":"Brzdov\u00e1 kapalina XERAMIC DOT4 250ml"},"content":{"rendered":"<p>PM XERAMIC\u00ae BRAKE FLUID DOT 4 byl vyvinut pro pou\u017eit\u00ed ve v\u0161ech hydraulicky ovl\u00e1dan\u00fdch brzdov\u00fdch a\/nebo spojkov\u00fdch syst\u00e9mech, kde je specifikov\u00e1na DOT 4. PM Xeramic\u00ae Brake Fluid DOT 4 byla vyvinuta speci\u00e1ln\u011b pro motok\u00e1rov\u00e9 aplikace.  250 ml.<\/p>","protected":false},"excerpt":{"rendered":"<p>PM XERAMIC\u00ae BRAKE FLUID DOT 4 byl vyvinut pro pou\u017eit\u00ed ve v\u0161ech hydraulicky ovl\u00e1dan\u00fdch brzdov\u00fdch a\/nebo spojkov\u00fdch syst\u00e9mech, kde je specifikov\u00e1na DOT 4. PM Xeramic\u00ae...<\/p>","protected":false},"featured_media":32700,"template":"","meta":[],"product_brand":[],"product_cat":[53,2624],"product_tag":[2180,2186,142,1344,954,34,81,924],"class_list":{"0":"post-14622","1":"product","2":"type-product","3":"status-publish","4":"has-post-thumbnail","6":"product_cat-olejeamaziva","7":"product_cat-xeramic-olejeamaziva","8":"product_tag-brzdova-kvapalina","9":"product_tag-brzdova-kvapalina-xps","10":"product_tag-karting","11":"product_tag-karting-shop","12":"product_tag-motokar","13":"product_tag-motokara","14":"product_tag-motokary","15":"product_tag-xps","17":"first","18":"instock","19":"taxable","20":"shipping-taxable","21":"purchasable","22":"product-type-simple","23":"customify-col"},"aioseo_notices":[],"_links":{"self":[{"href":"https:\/\/motokary-karting.sk\/cz\/wp-json\/wp\/v2\/product\/14622","targetHints":{"allow":["GET"]}}],"collection":[{"href":"https:\/\/motokary-karting.sk\/cz\/wp-json\/wp\/v2\/product"}],"about":[{"href":"https:\/\/motokary-karting.sk\/cz\/wp-json\/wp\/v2\/types\/product"}],"wp:featuredmedia":[{"embeddable":true,"href":"https:\/\/motokary-karting.sk\/cz\/wp-json\/wp\/v2\/media\/32700"}],"wp:attachment":[{"href":"https:\/\/motokary-karting.sk\/cz\/wp-json\/wp\/v2\/media?parent=14622"}],"wp:term":[{"taxonomy":"product_brand","embeddable":true,"href":"https:\/\/motokary-karting.sk\/cz\/wp-json\/wp\/v2\/product_brand?post=14622"},{"taxonomy":"product_cat","embeddable":true,"href":"https:\/\/motokary-karting.sk\/cz\/wp-json\/wp\/v2\/product_cat?post=14622"},{"taxonomy":"product_tag","embeddable":true,"href":"https:\/\/motokary-karting.sk\/cz\/wp-json\/wp\/v2\/product_tag?post=14622"}],"curies":[{"name":"wp","href":"https:\/\/api.w.org\/{rel}","templated":true}]}}