{"id":14647,"date":"2022-04-01T07:12:06","date_gmt":"2022-04-01T07:12:06","guid":{"rendered":"https:\/\/motokary-karting.sk\/?post_type=product&#038;p=14647"},"modified":"2026-03-31T06:28:53","modified_gmt":"2026-03-31T06:28:53","slug":"petronas-helma-cistic-interieru-ve-spreji-75ml","status":"publish","type":"product","link":"https:\/\/motokary-karting.sk\/cz\/produkt\/petronas-cistic-interieru-prilby-v-spreji-75ml\/","title":{"rendered":"PETRONAS \u010disti\u010d interi\u00e9ru p\u0159ilby ve spreji 75ml"},"content":{"rendered":"<p>\u010cisti\u010d interi\u00e9ru p\u0159ilby Petronas (pro vnit\u0159n\u00ed pou\u017eit\u00ed)<\/p>\n<p>75 ml<\/p>\n<p>P\u0159\u00edpravek byl speci\u00e1ln\u011b vyvinut k dezinfekci pod\u0161\u00edvky p\u0159ilby.<\/p>\n<p>Funguje tak, \u017ee denn\u011b pronik\u00e1 do polstrov\u00e1n\u00ed p\u0159i kontaktu s mastnotou a potem, kter\u00e9 se uvol\u0148uj\u00ed z poko\u017eky a vlas\u016f.<\/p>\n<p>Obsa\u017een\u00e9 \u00fa\u010dinn\u00e9 l\u00e1tky p\u016fsob\u00ed do hloubky a zanech\u00e1vaj\u00ed sv\u011b\u017e\u00ed, \u010distou v\u016fni.<\/p>","protected":false},"excerpt":{"rendered":"<p>Petronas \u010cisti\u010d interi\u00e9ru p\u0159ilby (pro vnit\u0159n\u00ed pou\u017eit\u00ed) 75 ml P\u0159\u00edpravek byl speci\u00e1ln\u011b vyvinut k dezinfekci v\u00fdstelky p\u0159ilby. P\u016fsob\u00ed tak, \u017ee denn\u011b pronik\u00e1 do polstrov\u00e1n\u00ed na...<\/p>","protected":false},"featured_media":14648,"template":"","meta":[],"product_brand":[],"product_cat":[2767,2722,3351,2764,2768,21,3317,2766,2765,3348],"product_tag":[2272,2876,2271,142,1344,81,2269,2877,2270],"class_list":{"0":"post-14647","1":"product","2":"type-product","3":"status-publish","4":"has-post-thumbnail","6":"product_cat-arai-prislusenstvo","7":"product_cat-bell-prislusenstvo","8":"product_cat-cistice-na-prilby","9":"product_cat-ls2-prislusenstvo","10":"product_cat-omp-prislusenstvo","11":"product_cat-prilby","12":"product_cat-schuberth-prislusenstvi","13":"product_cat-sparco-prislusenstvo","14":"product_cat-stilo-prislusenstvo","15":"product_cat-zamp-prislusenstvo","16":"product_tag-cistic-prilby","17":"product_tag-cistic-vnutrajska-prilby","18":"product_tag-helmet-visor-cleaner","19":"product_tag-karting","20":"product_tag-karting-shop","21":"product_tag-motokary","22":"product_tag-visor-cleaner","23":"product_tag-vnutorny-cistic-prilby","24":"product_tag-xeramic","26":"first","27":"instock","28":"sale","29":"taxable","30":"shipping-taxable","31":"purchasable","32":"product-type-simple","33":"customify-col"},"aioseo_notices":[],"_links":{"self":[{"href":"https:\/\/motokary-karting.sk\/cz\/wp-json\/wp\/v2\/product\/14647","targetHints":{"allow":["GET"]}}],"collection":[{"href":"https:\/\/motokary-karting.sk\/cz\/wp-json\/wp\/v2\/product"}],"about":[{"href":"https:\/\/motokary-karting.sk\/cz\/wp-json\/wp\/v2\/types\/product"}],"wp:featuredmedia":[{"embeddable":true,"href":"https:\/\/motokary-karting.sk\/cz\/wp-json\/wp\/v2\/media\/14648"}],"wp:attachment":[{"href":"https:\/\/motokary-karting.sk\/cz\/wp-json\/wp\/v2\/media?parent=14647"}],"wp:term":[{"taxonomy":"product_brand","embeddable":true,"href":"https:\/\/motokary-karting.sk\/cz\/wp-json\/wp\/v2\/product_brand?post=14647"},{"taxonomy":"product_cat","embeddable":true,"href":"https:\/\/motokary-karting.sk\/cz\/wp-json\/wp\/v2\/product_cat?post=14647"},{"taxonomy":"product_tag","embeddable":true,"href":"https:\/\/motokary-karting.sk\/cz\/wp-json\/wp\/v2\/product_tag?post=14647"}],"curies":[{"name":"wp","href":"https:\/\/api.w.org\/{rel}","templated":true}]}}