{"id":14649,"date":"2022-04-01T07:50:10","date_gmt":"2022-04-01T07:50:10","guid":{"rendered":"https:\/\/motokary-karting.sk\/?post_type=product&#038;p=14649"},"modified":"2025-03-27T18:32:55","modified_gmt":"2025-03-27T18:32:55","slug":"nosic-brzdoveho-kotouce-zadni-cerny-25mm","status":"publish","type":"product","link":"https:\/\/motokary-karting.sk\/cz\/produkt\/unasac-brzdoveho-disku-zadny-cierny-25mm\/","title":{"rendered":"Nosi\u010d brzdov\u00e9ho kotou\u010de zadn\u00ed \u010dern\u00fd 25mm"},"content":{"rendered":"","protected":false},"excerpt":{"rendered":"","protected":false},"featured_media":14650,"template":"","meta":[],"product_brand":[],"product_cat":[399,271,649],"product_tag":[512,514,515,1728,142,1344,34,81,310,309,513],"class_list":{"0":"post-14649","1":"product","2":"type-product","3":"status-publish","4":"has-post-thumbnail","6":"product_cat-naboje-a-unasace","7":"product_cat-nahradne-diely-na-podvozky","8":"product_cat-o-25mm","9":"product_tag-brake-disc-carrier","10":"product_tag-brake-disc-holder","11":"product_tag-drziak-brzdoveho-kotuca","12":"product_tag-kart-shop","13":"product_tag-karting","14":"product_tag-karting-shop","15":"product_tag-motokara","16":"product_tag-motokary","17":"product_tag-unasac","18":"product_tag-unasac-brzdoveho-disku","19":"product_tag-unasac-brzdoveho-kotuca","21":"first","22":"onbackorder","23":"taxable","24":"shipping-taxable","25":"purchasable","26":"product-type-simple","27":"customify-col"},"aioseo_notices":[],"_links":{"self":[{"href":"https:\/\/motokary-karting.sk\/cz\/wp-json\/wp\/v2\/product\/14649","targetHints":{"allow":["GET"]}}],"collection":[{"href":"https:\/\/motokary-karting.sk\/cz\/wp-json\/wp\/v2\/product"}],"about":[{"href":"https:\/\/motokary-karting.sk\/cz\/wp-json\/wp\/v2\/types\/product"}],"wp:featuredmedia":[{"embeddable":true,"href":"https:\/\/motokary-karting.sk\/cz\/wp-json\/wp\/v2\/media\/14650"}],"wp:attachment":[{"href":"https:\/\/motokary-karting.sk\/cz\/wp-json\/wp\/v2\/media?parent=14649"}],"wp:term":[{"taxonomy":"product_brand","embeddable":true,"href":"https:\/\/motokary-karting.sk\/cz\/wp-json\/wp\/v2\/product_brand?post=14649"},{"taxonomy":"product_cat","embeddable":true,"href":"https:\/\/motokary-karting.sk\/cz\/wp-json\/wp\/v2\/product_cat?post=14649"},{"taxonomy":"product_tag","embeddable":true,"href":"https:\/\/motokary-karting.sk\/cz\/wp-json\/wp\/v2\/product_tag?post=14649"}],"curies":[{"name":"wp","href":"https:\/\/api.w.org\/{rel}","templated":true}]}}