{"id":14674,"date":"2022-04-05T17:02:00","date_gmt":"2022-04-05T17:02:00","guid":{"rendered":"https:\/\/motokary-karting.sk\/?post_type=product&#038;p=14674"},"modified":"2025-08-29T14:14:59","modified_gmt":"2025-08-29T14:14:59","slug":"vega-sada-pneumatik-4ks-slick-m1-40-10-5-2x-predni-50-11-5-2x-zadni","status":"publish","type":"product","link":"https:\/\/motokary-karting.sk\/cz\/produkt\/vega-sada-pneu-4ks-slick-m1-40-10-5-2x-predna-50-11-5-2x-zadna\/","title":{"rendered":"Sada pneumatik VEGA 4ks - M1 | 2x p\u0159edn\u00ed 4.0 +2x zadn\u00ed 5.0"},"content":{"rendered":"<p>Ilustra\u010dn\u00ed fotografie - pneumatiky jsou dod\u00e1v\u00e1ny bez disk\u016f<\/p>","protected":false},"excerpt":{"rendered":"<p>Ilustra\u010dn\u00ed fotografie - pneumatiky jsou dod\u00e1v\u00e1ny bez disk\u016f<\/p>","protected":false},"featured_media":14675,"template":"","meta":[],"product_brand":[],"product_cat":[20,146],"product_tag":[142,119,2613,425,81,50,1283,1102,1100,2783,2782,2780,2784,2781],"class_list":{"0":"post-14674","1":"product","2":"type-product","3":"status-publish","4":"has-post-thumbnail","6":"product_cat-pneumatiky","7":"product_cat-vega","8":"product_tag-karting","9":"product_tag-mojo","10":"product_tag-mojo-c2","11":"product_tag-motokarove-pneu","12":"product_tag-motokary","13":"product_tag-pneu","14":"product_tag-pneu-mojo","15":"product_tag-pneu-na-motokary","16":"product_tag-pneu-vega","17":"product_tag-pneu-vega-mini-kart","18":"product_tag-pneu-vega-sl9","19":"product_tag-sada-pneu","20":"product_tag-vega-mini","21":"product_tag-vega-sl9","23":"first","24":"onbackorder","25":"taxable","26":"shipping-taxable","27":"purchasable","28":"product-type-simple","29":"customify-col"},"aioseo_notices":[],"_links":{"self":[{"href":"https:\/\/motokary-karting.sk\/cz\/wp-json\/wp\/v2\/product\/14674","targetHints":{"allow":["GET"]}}],"collection":[{"href":"https:\/\/motokary-karting.sk\/cz\/wp-json\/wp\/v2\/product"}],"about":[{"href":"https:\/\/motokary-karting.sk\/cz\/wp-json\/wp\/v2\/types\/product"}],"wp:featuredmedia":[{"embeddable":true,"href":"https:\/\/motokary-karting.sk\/cz\/wp-json\/wp\/v2\/media\/14675"}],"wp:attachment":[{"href":"https:\/\/motokary-karting.sk\/cz\/wp-json\/wp\/v2\/media?parent=14674"}],"wp:term":[{"taxonomy":"product_brand","embeddable":true,"href":"https:\/\/motokary-karting.sk\/cz\/wp-json\/wp\/v2\/product_brand?post=14674"},{"taxonomy":"product_cat","embeddable":true,"href":"https:\/\/motokary-karting.sk\/cz\/wp-json\/wp\/v2\/product_cat?post=14674"},{"taxonomy":"product_tag","embeddable":true,"href":"https:\/\/motokary-karting.sk\/cz\/wp-json\/wp\/v2\/product_tag?post=14674"}],"curies":[{"name":"wp","href":"https:\/\/api.w.org\/{rel}","templated":true}]}}