{"id":147,"date":"2021-12-30T10:31:18","date_gmt":"2021-12-30T10:31:18","guid":{"rendered":"https:\/\/motokary-karting.sk\/?post_type=product&#038;p=147"},"modified":"2025-01-01T17:01:47","modified_gmt":"2025-01-01T17:01:47","slug":"mac-minarelli-hurricane-minicart-l","status":"publish","type":"product","link":"https:\/\/motokary-karting.sk\/cz\/produkt\/mac-minarelli-hurricane-minikart-l\/","title":{"rendered":"Podvozek pro motok\u00e1ry Mac Minarelli HURRICANE MINIKART"},"content":{"rendered":"<p>-\u010dern\u00e1 barva r\u00e1mu<br \/>\n-Schv\u00e1len\u00ed FIA ACI 21\/CH\/20<br \/>\n-kategorie: Minikart<br \/>\n-r\u00e1m: Pr\u016fm\u011br 28 mm: chrom-molybden<br \/>\n-zadn\u00ed n\u00e1prava 30 mm<br \/>\n-volant 320 mm - logo Mac Minarelli<br \/>\n-homologovan\u00e9 v\u0161echny spoilery a plasty<\/p>\n<p>-plovouc\u00ed brzdov\u00e9 kotou\u010de se zv\u00fd\u0161en\u00fdm \u00fa\u010dinkem<br \/>\n-homologovan\u00e9 v\u0161echny spoilery a plasty IBR v cen\u011b spolu s dr\u017e\u00e1ky a samolepkami od v\u00fdrobce<br \/>\n-spodn\u00ed dr\u017e\u00e1k v\u00fdfuku<br \/>\n-kryt \u0159et\u011bzu<br \/>\n-louky, bovdeny, trysky, benz\u00ednov\u00e9 hadice, v\u0161e v cen\u011b<\/p>\n<p>Motok\u00e1ry jsou skladem v na\u0161em obchod\u011b.<\/p>","protected":false},"excerpt":{"rendered":"<p>-\u010dern\u00e1 barva r\u00e1mu -Homologace FIA ACI 21\/CH\/20 -kategorie: R\u00e1m: Minarelli logo -homologov\u00e1no pro v\u0161echny typy r\u00e1mu: chrom-molybden Pr\u016fm\u011br 28mm -zadn\u00ed osa 30mm -objem 320mm -homologov\u00e1no pro...<\/p>","protected":false},"featured_media":13216,"template":"","meta":[],"product_brand":[],"product_cat":[222,16],"product_tag":[142,1344,2387,39,2388,2389,34,2386,1698],"class_list":{"0":"post-147","1":"product","2":"type-product","3":"status-publish","4":"has-post-thumbnail","6":"product_cat-mac-minarelli","7":"product_cat-motokary","8":"product_tag-karting","9":"product_tag-karting-shop","10":"product_tag-mac-minarelli-minikart","11":"product_tag-macminarelli","12":"product_tag-minikart","13":"product_tag-minikart-mac-minarelli","14":"product_tag-motokara","15":"product_tag-nova-motokara-na-predaj","16":"product_tag-predajna-motokar","18":"first","19":"onbackorder","20":"taxable","21":"shipping-taxable","22":"purchasable","23":"product-type-simple","24":"customify-col","25":"product-has-gallery"},"aioseo_notices":[],"_links":{"self":[{"href":"https:\/\/motokary-karting.sk\/cz\/wp-json\/wp\/v2\/product\/147","targetHints":{"allow":["GET"]}}],"collection":[{"href":"https:\/\/motokary-karting.sk\/cz\/wp-json\/wp\/v2\/product"}],"about":[{"href":"https:\/\/motokary-karting.sk\/cz\/wp-json\/wp\/v2\/types\/product"}],"wp:featuredmedia":[{"embeddable":true,"href":"https:\/\/motokary-karting.sk\/cz\/wp-json\/wp\/v2\/media\/13216"}],"wp:attachment":[{"href":"https:\/\/motokary-karting.sk\/cz\/wp-json\/wp\/v2\/media?parent=147"}],"wp:term":[{"taxonomy":"product_brand","embeddable":true,"href":"https:\/\/motokary-karting.sk\/cz\/wp-json\/wp\/v2\/product_brand?post=147"},{"taxonomy":"product_cat","embeddable":true,"href":"https:\/\/motokary-karting.sk\/cz\/wp-json\/wp\/v2\/product_cat?post=147"},{"taxonomy":"product_tag","embeddable":true,"href":"https:\/\/motokary-karting.sk\/cz\/wp-json\/wp\/v2\/product_tag?post=147"}],"curies":[{"name":"wp","href":"https:\/\/api.w.org\/{rel}","templated":true}]}}