{"id":14717,"date":"2022-04-14T07:25:06","date_gmt":"2022-04-14T07:25:06","guid":{"rendered":"https:\/\/motokary-karting.sk\/?post_type=product&#038;p=14717"},"modified":"2023-05-30T12:15:24","modified_gmt":"2023-05-30T12:15:24","slug":"sada-jehlovych-ventilu-karburatoru-dellorto-vhsh-30","status":"publish","type":"product","link":"https:\/\/motokary-karting.sk\/cz\/produkt\/komplet-ihlovy-ventil-do-karburatora-dellorto-vhsh-30\/","title":{"rendered":"Sada jehlov\u00fdch ventil\u016f karbur\u00e1toru Dellorto VHSH 30"},"content":{"rendered":"","protected":false},"excerpt":{"rendered":"","protected":false},"featured_media":14718,"template":"","meta":[],"product_brand":[],"product_cat":[1642,645],"product_tag":[2991,2537,142,1344,81,2990,2539,2538,2540],"class_list":{"0":"post-14717","1":"product","2":"type-product","3":"status-publish","4":"has-post-thumbnail","6":"product_cat-karburatory-prislusenstvo","7":"product_cat-nahradne-diely-na-motory","8":"product_tag-filter-do-karburatora","9":"product_tag-karburaor-dellorto","10":"product_tag-karting","11":"product_tag-karting-shop","12":"product_tag-motokary","13":"product_tag-palivovy-filter-dellorto","14":"product_tag-sada-tesneni-do-dellorto-vhsh30","15":"product_tag-sada-tesnenie-do-dellroto","16":"product_tag-tesnenie-dellorto-vhsh30","18":"first","19":"onbackorder","20":"taxable","21":"shipping-taxable","22":"purchasable","23":"product-type-simple","24":"customify-col"},"aioseo_notices":[],"_links":{"self":[{"href":"https:\/\/motokary-karting.sk\/cz\/wp-json\/wp\/v2\/product\/14717","targetHints":{"allow":["GET"]}}],"collection":[{"href":"https:\/\/motokary-karting.sk\/cz\/wp-json\/wp\/v2\/product"}],"about":[{"href":"https:\/\/motokary-karting.sk\/cz\/wp-json\/wp\/v2\/types\/product"}],"wp:featuredmedia":[{"embeddable":true,"href":"https:\/\/motokary-karting.sk\/cz\/wp-json\/wp\/v2\/media\/14718"}],"wp:attachment":[{"href":"https:\/\/motokary-karting.sk\/cz\/wp-json\/wp\/v2\/media?parent=14717"}],"wp:term":[{"taxonomy":"product_brand","embeddable":true,"href":"https:\/\/motokary-karting.sk\/cz\/wp-json\/wp\/v2\/product_brand?post=14717"},{"taxonomy":"product_cat","embeddable":true,"href":"https:\/\/motokary-karting.sk\/cz\/wp-json\/wp\/v2\/product_cat?post=14717"},{"taxonomy":"product_tag","embeddable":true,"href":"https:\/\/motokary-karting.sk\/cz\/wp-json\/wp\/v2\/product_tag?post=14717"}],"curies":[{"name":"wp","href":"https:\/\/api.w.org\/{rel}","templated":true}]}}