{"id":14779,"date":"2024-02-15T13:17:08","date_gmt":"2024-02-15T13:17:08","guid":{"rendered":"https:\/\/motokary-karting.sk\/?post_type=product&#038;p=14779"},"modified":"2024-11-26T23:03:12","modified_gmt":"2024-11-26T23:03:12","slug":"brasna-na-prilbu-omp","status":"publish","type":"product","link":"https:\/\/motokary-karting.sk\/cz\/produkt\/omp-taska-na-prilbu\/","title":{"rendered":"Bra\u0161na na p\u0159ilbu OMP"},"content":{"rendered":"<p>Pod\u0161it\u00e1 bra\u0161na na p\u0159ilbu od OMP s poutky, ramenn\u00edm popruhem a speci\u00e1ln\u00edm popruhem na zadn\u00ed stran\u011b pro p\u0159ipevn\u011bn\u00ed bra\u0161ny na p\u0159ilbu k voz\u00edku. Dal\u0161\u00ed kapsa na zip na p\u0159edn\u00ed stran\u011b.<\/p>\n<p>Barva: \u010cern\u00e1<br \/>\nRozm\u011bry (Vx\u0160xH): 29 cm x 38 cm x 27 cm<br \/>\n100% polyester<\/p>","protected":false},"excerpt":{"rendered":"<p>Pod\u0161it\u00e1 bra\u0161na na p\u0159ilbu od OMP s poutky, ramenn\u00edm popruhem a speci\u00e1ln\u00edm popruhem na zadn\u00ed stran\u011b pro p\u0159ipevn\u011bn\u00ed bra\u0161ny na p\u0159ilbu k voz\u00edku. Dal\u0161\u00ed kapsa...<\/p>","protected":false},"featured_media":21772,"template":"","meta":[],"product_brand":[],"product_cat":[32,21,734,1579,158],"product_tag":[1728,142,81,1851,1853,26,1854,1755,1852,728],"class_list":{"0":"post-14779","1":"product","2":"type-product","3":"status-publish","4":"has-post-thumbnail","6":"product_cat-lifestyle-oblecenie-a-produkty-na-volny-cas","7":"product_cat-prilby","8":"product_cat-ruksaky-tasky-na-prilby","9":"product_cat-tasky-na-prilby","10":"product_cat-tip-na-darcek","11":"product_tag-kart-shop","12":"product_tag-karting","13":"product_tag-motokary","14":"product_tag-oba-lan-prilbu","15":"product_tag-obal-na-prilbu-sparco","16":"product_tag-sparco","17":"product_tag-sparco-obal-na-prilbu","18":"product_tag-sparco-shop","19":"product_tag-sparco-taska-na-prilbu","20":"product_tag-taska-na-helmu","22":"first","23":"onbackorder","24":"taxable","25":"shipping-taxable","26":"purchasable","27":"product-type-simple","28":"customify-col"},"aioseo_notices":[],"_links":{"self":[{"href":"https:\/\/motokary-karting.sk\/cz\/wp-json\/wp\/v2\/product\/14779","targetHints":{"allow":["GET"]}}],"collection":[{"href":"https:\/\/motokary-karting.sk\/cz\/wp-json\/wp\/v2\/product"}],"about":[{"href":"https:\/\/motokary-karting.sk\/cz\/wp-json\/wp\/v2\/types\/product"}],"wp:featuredmedia":[{"embeddable":true,"href":"https:\/\/motokary-karting.sk\/cz\/wp-json\/wp\/v2\/media\/21772"}],"wp:attachment":[{"href":"https:\/\/motokary-karting.sk\/cz\/wp-json\/wp\/v2\/media?parent=14779"}],"wp:term":[{"taxonomy":"product_brand","embeddable":true,"href":"https:\/\/motokary-karting.sk\/cz\/wp-json\/wp\/v2\/product_brand?post=14779"},{"taxonomy":"product_cat","embeddable":true,"href":"https:\/\/motokary-karting.sk\/cz\/wp-json\/wp\/v2\/product_cat?post=14779"},{"taxonomy":"product_tag","embeddable":true,"href":"https:\/\/motokary-karting.sk\/cz\/wp-json\/wp\/v2\/product_tag?post=14779"}],"curies":[{"name":"wp","href":"https:\/\/api.w.org\/{rel}","templated":true}]}}