{"id":14781,"date":"2022-04-27T07:36:55","date_gmt":"2022-04-27T07:36:55","guid":{"rendered":"https:\/\/motokary-karting.sk\/?post_type=product&#038;p=14781"},"modified":"2025-03-27T18:35:08","modified_gmt":"2025-03-27T18:35:08","slug":"zadni-naprava-25-mm-plna","status":"publish","type":"product","link":"https:\/\/motokary-karting.sk\/cz\/produkt\/zadna-os-25mm-plna\/","title":{"rendered":"Zadn\u00ed n\u00e1prava 25 mm pln\u00e1 (d\u00e9lka 920 mm)"},"content":{"rendered":"","protected":false},"excerpt":{"rendered":"","protected":false},"featured_media":14782,"template":"","meta":[],"product_brand":[],"product_cat":[271,3023,3198,3204,368],"product_tag":[665,81,546,306,307,667,666],"class_list":{"0":"post-14781","1":"product","2":"type-product","3":"status-publish","4":"has-post-thumbnail","6":"product_cat-nahradne-diely-na-podvozky","7":"product_cat-o-25mm-zadne-osi-prislusenstvo","8":"product_cat-top-kart-nahradne-diely-na-podvozky","9":"product_cat-zadne-osi","10":"product_cat-zadne-osi-prislusenstvo","11":"product_tag-axle","12":"product_tag-motokary","13":"product_tag-rear-axle","14":"product_tag-zadna-os","15":"product_tag-zadna-oska","16":"product_tag-zadni-os","17":"product_tag-zadni-osa","19":"first","20":"instock","21":"taxable","22":"shipping-taxable","23":"purchasable","24":"product-type-simple","25":"customify-col"},"aioseo_notices":[],"_links":{"self":[{"href":"https:\/\/motokary-karting.sk\/cz\/wp-json\/wp\/v2\/product\/14781","targetHints":{"allow":["GET"]}}],"collection":[{"href":"https:\/\/motokary-karting.sk\/cz\/wp-json\/wp\/v2\/product"}],"about":[{"href":"https:\/\/motokary-karting.sk\/cz\/wp-json\/wp\/v2\/types\/product"}],"wp:featuredmedia":[{"embeddable":true,"href":"https:\/\/motokary-karting.sk\/cz\/wp-json\/wp\/v2\/media\/14782"}],"wp:attachment":[{"href":"https:\/\/motokary-karting.sk\/cz\/wp-json\/wp\/v2\/media?parent=14781"}],"wp:term":[{"taxonomy":"product_brand","embeddable":true,"href":"https:\/\/motokary-karting.sk\/cz\/wp-json\/wp\/v2\/product_brand?post=14781"},{"taxonomy":"product_cat","embeddable":true,"href":"https:\/\/motokary-karting.sk\/cz\/wp-json\/wp\/v2\/product_cat?post=14781"},{"taxonomy":"product_tag","embeddable":true,"href":"https:\/\/motokary-karting.sk\/cz\/wp-json\/wp\/v2\/product_tag?post=14781"}],"curies":[{"name":"wp","href":"https:\/\/api.w.org\/{rel}","templated":true}]}}