{"id":14796,"date":"2022-05-03T10:47:40","date_gmt":"2022-05-03T10:47:40","guid":{"rendered":"https:\/\/motokary-karting.sk\/?post_type=product&#038;p=14796"},"modified":"2022-05-03T10:47:41","modified_gmt":"2022-05-03T10:47:41","slug":"silonove-pouzdro-pro-zadni-napravu-50-mm","status":"publish","type":"product","link":"https:\/\/motokary-karting.sk\/cz\/produkt\/silonove-puzdro-do-zadnej-osi-50mm\/","title":{"rendered":"Silkonov\u00e9 pouzdro pro zadn\u00ed n\u00e1pravu 50 mm"},"content":{"rendered":"","protected":false},"excerpt":{"rendered":"","protected":false},"featured_media":14797,"template":"","meta":[],"product_brand":[],"product_cat":[271,671,368],"product_tag":[1538,142,81,3032,3033],"class_list":{"0":"post-14796","1":"product","2":"type-product","3":"status-publish","4":"has-post-thumbnail","6":"product_cat-nahradne-diely-na-podvozky","7":"product_cat-o-50mm-zadne-osi-prislusenstvo","8":"product_cat-zadne-osi-prislusenstvo","9":"product_tag-eshop-motokary","10":"product_tag-karting","11":"product_tag-motokary","12":"product_tag-silon-do-zadni-osi","13":"product_tag-silon-do-zadni-osi-50mm","15":"first","16":"instock","17":"taxable","18":"shipping-taxable","19":"purchasable","20":"product-type-simple","21":"customify-col"},"aioseo_notices":[],"_links":{"self":[{"href":"https:\/\/motokary-karting.sk\/cz\/wp-json\/wp\/v2\/product\/14796","targetHints":{"allow":["GET"]}}],"collection":[{"href":"https:\/\/motokary-karting.sk\/cz\/wp-json\/wp\/v2\/product"}],"about":[{"href":"https:\/\/motokary-karting.sk\/cz\/wp-json\/wp\/v2\/types\/product"}],"wp:featuredmedia":[{"embeddable":true,"href":"https:\/\/motokary-karting.sk\/cz\/wp-json\/wp\/v2\/media\/14797"}],"wp:attachment":[{"href":"https:\/\/motokary-karting.sk\/cz\/wp-json\/wp\/v2\/media?parent=14796"}],"wp:term":[{"taxonomy":"product_brand","embeddable":true,"href":"https:\/\/motokary-karting.sk\/cz\/wp-json\/wp\/v2\/product_brand?post=14796"},{"taxonomy":"product_cat","embeddable":true,"href":"https:\/\/motokary-karting.sk\/cz\/wp-json\/wp\/v2\/product_cat?post=14796"},{"taxonomy":"product_tag","embeddable":true,"href":"https:\/\/motokary-karting.sk\/cz\/wp-json\/wp\/v2\/product_tag?post=14796"}],"curies":[{"name":"wp","href":"https:\/\/api.w.org\/{rel}","templated":true}]}}