{"id":14800,"date":"2022-05-04T09:05:20","date_gmt":"2022-05-04T09:05:20","guid":{"rendered":"https:\/\/motokary-karting.sk\/?post_type=product&#038;p=14800"},"modified":"2026-04-04T10:24:25","modified_gmt":"2026-04-04T10:24:25","slug":"nova-rada-malych-klobouku-se-skluzem","status":"publish","type":"product","link":"https:\/\/motokary-karting.sk\/cz\/produkt\/mala-nadobka-nadrzka-new-line-s-drziakom\/","title":{"rendered":"Mal\u00e1 n\u00e1doba (z\u00e1sobn\u00edk) NEW LINE s dr\u017e\u00e1kem"},"content":{"rendered":"","protected":false},"excerpt":{"rendered":"","protected":false},"featured_media":14803,"template":"","meta":[],"product_brand":[],"product_cat":[280,380,271],"product_tag":[142,1344,846,81,845,848,847],"class_list":{"0":"post-14800","1":"product","2":"type-product","3":"status-publish","4":"has-post-thumbnail","6":"product_cat-chladice-vody-prislusenstvo","7":"product_cat-nadrze-prislusenstvo","8":"product_cat-nahradne-diely-na-podvozky","9":"product_tag-karting","10":"product_tag-karting-shop","11":"product_tag-mala-nadobka","12":"product_tag-motokary","13":"product_tag-nadobka","14":"product_tag-recovery-tank","15":"product_tag-spatna-nadobka","17":"first","18":"instock","19":"taxable","20":"shipping-taxable","21":"purchasable","22":"product-type-variable","23":"customify-col"},"aioseo_notices":[],"_links":{"self":[{"href":"https:\/\/motokary-karting.sk\/cz\/wp-json\/wp\/v2\/product\/14800","targetHints":{"allow":["GET"]}}],"collection":[{"href":"https:\/\/motokary-karting.sk\/cz\/wp-json\/wp\/v2\/product"}],"about":[{"href":"https:\/\/motokary-karting.sk\/cz\/wp-json\/wp\/v2\/types\/product"}],"wp:featuredmedia":[{"embeddable":true,"href":"https:\/\/motokary-karting.sk\/cz\/wp-json\/wp\/v2\/media\/14803"}],"wp:attachment":[{"href":"https:\/\/motokary-karting.sk\/cz\/wp-json\/wp\/v2\/media?parent=14800"}],"wp:term":[{"taxonomy":"product_brand","embeddable":true,"href":"https:\/\/motokary-karting.sk\/cz\/wp-json\/wp\/v2\/product_brand?post=14800"},{"taxonomy":"product_cat","embeddable":true,"href":"https:\/\/motokary-karting.sk\/cz\/wp-json\/wp\/v2\/product_cat?post=14800"},{"taxonomy":"product_tag","embeddable":true,"href":"https:\/\/motokary-karting.sk\/cz\/wp-json\/wp\/v2\/product_tag?post=14800"}],"curies":[{"name":"wp","href":"https:\/\/api.w.org\/{rel}","templated":true}]}}