{"id":14869,"date":"2022-05-20T07:28:35","date_gmt":"2022-05-20T07:28:35","guid":{"rendered":"https:\/\/motokary-karting.sk\/?post_type=product&#038;p=14869"},"modified":"2026-01-29T13:35:18","modified_gmt":"2026-01-29T13:35:18","slug":"25mm-vymezovaci-podlozka-pro-naboje","status":"publish","type":"product","link":"https:\/\/motokary-karting.sk\/cz\/produkt\/vymedzovacia-podlozka-naboja-25mm\/","title":{"rendered":"25mm vymezovac\u00ed podlo\u017eka n\u00e1boje"},"content":{"rendered":"","protected":false},"excerpt":{"rendered":"","protected":false},"featured_media":9059,"template":"","meta":[],"product_brand":[],"product_cat":[271,378],"product_tag":[142,1344,81,2191,2190],"class_list":{"0":"post-14869","1":"product","2":"type-product","3":"status-publish","4":"has-post-thumbnail","6":"product_cat-nahradne-diely-na-podvozky","7":"product_cat-riadenie-prislusenstvo","8":"product_tag-karting","9":"product_tag-karting-shop","10":"product_tag-motokary","11":"product_tag-vymedzovacia-podlozka-naboja","12":"product_tag-vymedzovacia-podlozla","14":"first","15":"instock","16":"taxable","17":"shipping-taxable","18":"purchasable","19":"product-type-variable","20":"customify-col"},"aioseo_notices":[],"_links":{"self":[{"href":"https:\/\/motokary-karting.sk\/cz\/wp-json\/wp\/v2\/product\/14869","targetHints":{"allow":["GET"]}}],"collection":[{"href":"https:\/\/motokary-karting.sk\/cz\/wp-json\/wp\/v2\/product"}],"about":[{"href":"https:\/\/motokary-karting.sk\/cz\/wp-json\/wp\/v2\/types\/product"}],"wp:featuredmedia":[{"embeddable":true,"href":"https:\/\/motokary-karting.sk\/cz\/wp-json\/wp\/v2\/media\/9059"}],"wp:attachment":[{"href":"https:\/\/motokary-karting.sk\/cz\/wp-json\/wp\/v2\/media?parent=14869"}],"wp:term":[{"taxonomy":"product_brand","embeddable":true,"href":"https:\/\/motokary-karting.sk\/cz\/wp-json\/wp\/v2\/product_brand?post=14869"},{"taxonomy":"product_cat","embeddable":true,"href":"https:\/\/motokary-karting.sk\/cz\/wp-json\/wp\/v2\/product_cat?post=14869"},{"taxonomy":"product_tag","embeddable":true,"href":"https:\/\/motokary-karting.sk\/cz\/wp-json\/wp\/v2\/product_tag?post=14869"}],"curies":[{"name":"wp","href":"https:\/\/api.w.org\/{rel}","templated":true}]}}