{"id":14910,"date":"2022-06-02T19:23:48","date_gmt":"2022-06-02T19:23:48","guid":{"rendered":"https:\/\/motokary-karting.sk\/?post_type=product&#038;p=14910"},"modified":"2025-07-03T16:35:31","modified_gmt":"2025-07-03T16:35:31","slug":"signalizacni-vlajka-80x80cm-s-drevenou-rukojeti","status":"publish","type":"product","link":"https:\/\/motokary-karting.sk\/cz\/produkt\/signalizacna-vlajka-80x80cm-s-drevenou-ruckou\/","title":{"rendered":"Signaliza\u010dn\u00ed vlajka 80x80cm s d\u0159ev\u011bnou rukojet\u00ed"},"content":{"rendered":"","protected":false},"excerpt":{"rendered":"","protected":false},"featured_media":14927,"template":"","meta":[],"product_brand":[],"product_cat":[77,1391],"product_tag":[],"class_list":{"0":"post-14910","1":"product","2":"type-product","3":"status-publish","4":"has-post-thumbnail","6":"product_cat-rental-karting","7":"product_cat-trofeje-medajle-vlajky","9":"first","10":"onbackorder","11":"taxable","12":"shipping-taxable","13":"purchasable","14":"product-type-variable","15":"customify-col","16":"product-has-gallery"},"aioseo_notices":[],"_links":{"self":[{"href":"https:\/\/motokary-karting.sk\/cz\/wp-json\/wp\/v2\/product\/14910","targetHints":{"allow":["GET"]}}],"collection":[{"href":"https:\/\/motokary-karting.sk\/cz\/wp-json\/wp\/v2\/product"}],"about":[{"href":"https:\/\/motokary-karting.sk\/cz\/wp-json\/wp\/v2\/types\/product"}],"wp:featuredmedia":[{"embeddable":true,"href":"https:\/\/motokary-karting.sk\/cz\/wp-json\/wp\/v2\/media\/14927"}],"wp:attachment":[{"href":"https:\/\/motokary-karting.sk\/cz\/wp-json\/wp\/v2\/media?parent=14910"}],"wp:term":[{"taxonomy":"product_brand","embeddable":true,"href":"https:\/\/motokary-karting.sk\/cz\/wp-json\/wp\/v2\/product_brand?post=14910"},{"taxonomy":"product_cat","embeddable":true,"href":"https:\/\/motokary-karting.sk\/cz\/wp-json\/wp\/v2\/product_cat?post=14910"},{"taxonomy":"product_tag","embeddable":true,"href":"https:\/\/motokary-karting.sk\/cz\/wp-json\/wp\/v2\/product_tag?post=14910"}],"curies":[{"name":"wp","href":"https:\/\/api.w.org\/{rel}","templated":true}]}}