{"id":15037,"date":"2022-06-06T18:04:37","date_gmt":"2022-06-06T18:04:37","guid":{"rendered":"https:\/\/motokary-karting.sk\/?post_type=product&#038;p=15037"},"modified":"2024-02-15T12:44:47","modified_gmt":"2024-02-15T12:44:47","slug":"bunda-na-zip-sparco","status":"publish","type":"product","link":"https:\/\/motokary-karting.sk\/cz\/produkt\/sparco-bunda-na-zips\/","title":{"rendered":"Bunda Sparco se zipem"},"content":{"rendered":"<p><b>Bunda s kapuc\u00ed Sparco<\/b>\u00a0s vysok\u00fdm l\u00edmcem a kapsami na zip po stran\u00e1ch.<\/p>\n<div>53% bavlna, 41% polyester, 6% elastan.<\/div>\n<div><\/div>\n<div>Barvy: tmav\u011b modr\u00e1\/\u010dern\u00e1, \u0161ed\u00e1\/\u010dern\u00e1, \u010dern\u00e1, \u010dern\u00e1\/modr\u00e1<\/div>","protected":false},"excerpt":{"rendered":"<p>Bunda Sparco s kapuc\u00ed, vysok\u00fdm stoj\u00e1\u010dkem a kapsami na zip po stran\u00e1ch. 53% bavlna, 41% polyester, 6% elastan Barvy: tmav\u011b modr\u00e1\/\u010dern\u00e1, \u0161ed\u00e1\/\u010dern\u00e1, \u010dern\u00e1, \u010dern\u00e1\/modr\u00e1.<\/p>","protected":false},"featured_media":15059,"template":"","meta":[],"product_brand":[],"product_cat":[2916,32],"product_tag":[3059,3061,3058,1728,142,213,3062,81,26,1419,1418,3057,3060,1755],"class_list":{"0":"post-15037","1":"product","2":"type-product","3":"status-publish","4":"has-post-thumbnail","6":"product_cat-bundy","7":"product_cat-lifestyle-oblecenie-a-produkty-na-volny-cas","8":"product_tag-bunda-na-zips","9":"product_tag-bunda-na-zips-sparco","10":"product_tag-bunda-sparco","11":"product_tag-kart-shop","12":"product_tag-karting","13":"product_tag-lifestyle","14":"product_tag-mikinova-bunda","15":"product_tag-motokary","16":"product_tag-sparco","17":"product_tag-sparco-bomber","18":"product_tag-sparco-bomber-bunda","19":"product_tag-sparco-bunda","20":"product_tag-sparco-bunda-na-zips","21":"product_tag-sparco-shop","23":"first","24":"onbackorder","25":"taxable","26":"shipping-taxable","27":"purchasable","28":"product-type-variable","29":"customify-col","30":"product-has-gallery"},"aioseo_notices":[],"_links":{"self":[{"href":"https:\/\/motokary-karting.sk\/cz\/wp-json\/wp\/v2\/product\/15037","targetHints":{"allow":["GET"]}}],"collection":[{"href":"https:\/\/motokary-karting.sk\/cz\/wp-json\/wp\/v2\/product"}],"about":[{"href":"https:\/\/motokary-karting.sk\/cz\/wp-json\/wp\/v2\/types\/product"}],"wp:featuredmedia":[{"embeddable":true,"href":"https:\/\/motokary-karting.sk\/cz\/wp-json\/wp\/v2\/media\/15059"}],"wp:attachment":[{"href":"https:\/\/motokary-karting.sk\/cz\/wp-json\/wp\/v2\/media?parent=15037"}],"wp:term":[{"taxonomy":"product_brand","embeddable":true,"href":"https:\/\/motokary-karting.sk\/cz\/wp-json\/wp\/v2\/product_brand?post=15037"},{"taxonomy":"product_cat","embeddable":true,"href":"https:\/\/motokary-karting.sk\/cz\/wp-json\/wp\/v2\/product_cat?post=15037"},{"taxonomy":"product_tag","embeddable":true,"href":"https:\/\/motokary-karting.sk\/cz\/wp-json\/wp\/v2\/product_tag?post=15037"}],"curies":[{"name":"wp","href":"https:\/\/api.w.org\/{rel}","templated":true}]}}