{"id":15087,"date":"2022-06-06T18:31:19","date_gmt":"2022-06-06T18:31:19","guid":{"rendered":"https:\/\/motokary-karting.sk\/?post_type=product&#038;p=15087"},"modified":"2024-02-15T12:42:23","modified_gmt":"2024-02-15T12:42:23","slug":"zimni-bunda-sparco","status":"publish","type":"product","link":"https:\/\/motokary-karting.sk\/cz\/produkt\/sparco-zimna-bunda\/","title":{"rendered":"Zimn\u00ed bunda Sparco"},"content":{"rendered":"<p>Pod\u0161\u00edvka\u00a0<b>Zimn\u00ed bunda Sparco<\/b>\u00a0s kapuc\u00ed. Vysok\u00fd l\u00edmec se zap\u00edn\u00e1n\u00edm na magnet. Vodoodpudiv\u00e1 a v\u011btruodoln\u00e1.<\/p>\n<div>100% polyester<\/div>\n<div><\/div>\n<div>Barvy: tmav\u011b modr\u00e1\/\u010dern\u00e1, \u0161ed\u00e1\/\u010dern\u00e1, \u010dern\u00e1, \u010dern\u00e1\/modr\u00e1<\/div>","protected":false},"excerpt":{"rendered":"<p>Zimn\u00ed bunda Sparco s pod\u0161\u00edvkou a kapuc\u00ed. Vysok\u00fd l\u00edmec s magnetick\u00fdm zap\u00edn\u00e1n\u00edm. Vodoodpudiv\u00e1 a v\u011btruodoln\u00e1. 100% polyester Barvy: tmav\u011b modr\u00e1\/\u010dern\u00e1, \u0161ed\u00e1\/\u010dern\u00e1, \u010dern\u00e1, \u010dern\u00e1\/modr\u00e1.<\/p>","protected":false},"featured_media":15114,"template":"","meta":[],"product_brand":[],"product_cat":[2916,32],"product_tag":[3059,3061,3058,1728,142,213,81,26,1419,1418,3057,3060,1755,3065,3063,3064],"class_list":{"0":"post-15087","1":"product","2":"type-product","3":"status-publish","4":"has-post-thumbnail","6":"product_cat-bundy","7":"product_cat-lifestyle-oblecenie-a-produkty-na-volny-cas","8":"product_tag-bunda-na-zips","9":"product_tag-bunda-na-zips-sparco","10":"product_tag-bunda-sparco","11":"product_tag-kart-shop","12":"product_tag-karting","13":"product_tag-lifestyle","14":"product_tag-motokary","15":"product_tag-sparco","16":"product_tag-sparco-bomber","17":"product_tag-sparco-bomber-bunda","18":"product_tag-sparco-bunda","19":"product_tag-sparco-bunda-na-zips","20":"product_tag-sparco-shop","21":"product_tag-sparco-zimna-bunda","22":"product_tag-zimna-bunda","23":"product_tag-zimna-bunda-sparco","25":"first","26":"onbackorder","27":"taxable","28":"shipping-taxable","29":"purchasable","30":"product-type-variable","31":"customify-col","32":"product-has-gallery"},"aioseo_notices":[],"_links":{"self":[{"href":"https:\/\/motokary-karting.sk\/cz\/wp-json\/wp\/v2\/product\/15087","targetHints":{"allow":["GET"]}}],"collection":[{"href":"https:\/\/motokary-karting.sk\/cz\/wp-json\/wp\/v2\/product"}],"about":[{"href":"https:\/\/motokary-karting.sk\/cz\/wp-json\/wp\/v2\/types\/product"}],"wp:featuredmedia":[{"embeddable":true,"href":"https:\/\/motokary-karting.sk\/cz\/wp-json\/wp\/v2\/media\/15114"}],"wp:attachment":[{"href":"https:\/\/motokary-karting.sk\/cz\/wp-json\/wp\/v2\/media?parent=15087"}],"wp:term":[{"taxonomy":"product_brand","embeddable":true,"href":"https:\/\/motokary-karting.sk\/cz\/wp-json\/wp\/v2\/product_brand?post=15087"},{"taxonomy":"product_cat","embeddable":true,"href":"https:\/\/motokary-karting.sk\/cz\/wp-json\/wp\/v2\/product_cat?post=15087"},{"taxonomy":"product_tag","embeddable":true,"href":"https:\/\/motokary-karting.sk\/cz\/wp-json\/wp\/v2\/product_tag?post=15087"}],"curies":[{"name":"wp","href":"https:\/\/api.w.org\/{rel}","templated":true}]}}