{"id":15183,"date":"2022-06-07T17:27:13","date_gmt":"2022-06-07T17:27:13","guid":{"rendered":"https:\/\/motokary-karting.sk\/?post_type=product&#038;p=15183"},"modified":"2024-02-15T12:39:04","modified_gmt":"2024-02-15T12:39:04","slug":"sportovni-bunda-sparco-martini-racing","status":"publish","type":"product","link":"https:\/\/motokary-karting.sk\/cz\/produkt\/sparco-sportova-bunda-martini-racing\/","title":{"rendered":"Sportovn\u00ed bunda Sparco MARTINI RACING Track"},"content":{"rendered":"<div class=\"product-detail-description-text\"><span><span class=\"\">Design\u00a0<\/span><\/span><b><span><span class=\"\">Sparco TRACK JACKET<\/span><\/span><\/b><span><span class=\"\">\u00a0je technicky pom\u011brn\u011b jednoduch\u00fd, ale d\u00edky sv\u00fdm detail\u016fm je nezam\u011bniteln\u00fd.<\/span><\/span><b><\/b><span> Legend\u00e1rn\u00ed logo MARTINI RACING a jedine\u010dn\u00fd pruh zdob\u00ed p\u0159edn\u00ed kapsu, ruk\u00e1vy a dokonce i vnit\u0159n\u00ed stranu p\u0159edn\u00ed kapsy.<\/span><\/p>\n<div>\n<div><span>\u010cty\u0159i kapsy s klopou, dv\u011b vnit\u0159n\u00ed kapsy, odn\u00edmateln\u00e1 kapuce se stahovac\u00ed \u0161\u0148\u016frkou a nastaviteln\u00e9 man\u017eety z n\u00ed d\u011blaj\u00ed praktick\u00e9ho a robustn\u00edho spole\u010dn\u00edka do venkovn\u00edch prostor. Svr\u0161ek odpuzuj\u00edc\u00ed d\u00e9\u0161\u0165.\u00a0<\/span><\/div>\n<div><\/div>\n<div><span>Materi\u00e1l: 100% polyamid<\/span><br \/>\n<span>Barva: tmav\u011b modr\u00e1<\/span><\/div>\n<\/div>\n<\/div>\n<div class=\"product-detail-properties\">\n<div class=\"row product-detail-properties-container\">\n<div class=\"col-md-10 col-lg-6\"><\/div>\n<\/div>\n<\/div>","protected":false},"excerpt":{"rendered":"<p>Design bundy Sparco TRACK JACKET je technicky zcela jednoduch\u00fd, ale d\u00edky sv\u00fdm detail\u016fm je nezam\u011bniteln\u00fd. Legend\u00e1rn\u00ed logo MARTINI RACING a jedine\u010dn\u00fd pruh zdob\u00ed p\u0159edn\u00ed kapsu, ruk\u00e1vy a spodn\u00ed \u010d\u00e1st....<\/p>","protected":false},"featured_media":15208,"template":"","meta":[],"product_brand":[],"product_cat":[2916,32,1458],"product_tag":[3073,3059,3061,3058,1728,142,213,1421,3074,81,26,1419,1418,3057,3060,1420,1755,3068,3066,3067],"class_list":{"0":"post-15183","1":"product","2":"type-product","3":"status-publish","4":"has-post-thumbnail","6":"product_cat-bundy","7":"product_cat-lifestyle-oblecenie-a-produkty-na-volny-cas","8":"product_cat-martini-racing","9":"product_tag-bunda-martini-racing","10":"product_tag-bunda-na-zips","11":"product_tag-bunda-na-zips-sparco","12":"product_tag-bunda-sparco","13":"product_tag-kart-shop","14":"product_tag-karting","15":"product_tag-lifestyle","16":"product_tag-martini-racing","17":"product_tag-martini-racing-buda","18":"product_tag-motokary","19":"product_tag-sparco","20":"product_tag-sparco-bomber","21":"product_tag-sparco-bomber-bunda","22":"product_tag-sparco-bunda","23":"product_tag-sparco-bunda-na-zips","24":"product_tag-sparco-martini-racing","25":"product_tag-sparco-shop","26":"product_tag-sparco-sportova-bunda","27":"product_tag-sportova-bunda","28":"product_tag-sportova-bunda-sparco","30":"first","31":"onbackorder","32":"sale","33":"taxable","34":"shipping-taxable","35":"purchasable","36":"product-type-variable","37":"customify-col","38":"product-has-gallery"},"aioseo_notices":[],"_links":{"self":[{"href":"https:\/\/motokary-karting.sk\/cz\/wp-json\/wp\/v2\/product\/15183","targetHints":{"allow":["GET"]}}],"collection":[{"href":"https:\/\/motokary-karting.sk\/cz\/wp-json\/wp\/v2\/product"}],"about":[{"href":"https:\/\/motokary-karting.sk\/cz\/wp-json\/wp\/v2\/types\/product"}],"wp:featuredmedia":[{"embeddable":true,"href":"https:\/\/motokary-karting.sk\/cz\/wp-json\/wp\/v2\/media\/15208"}],"wp:attachment":[{"href":"https:\/\/motokary-karting.sk\/cz\/wp-json\/wp\/v2\/media?parent=15183"}],"wp:term":[{"taxonomy":"product_brand","embeddable":true,"href":"https:\/\/motokary-karting.sk\/cz\/wp-json\/wp\/v2\/product_brand?post=15183"},{"taxonomy":"product_cat","embeddable":true,"href":"https:\/\/motokary-karting.sk\/cz\/wp-json\/wp\/v2\/product_cat?post=15183"},{"taxonomy":"product_tag","embeddable":true,"href":"https:\/\/motokary-karting.sk\/cz\/wp-json\/wp\/v2\/product_tag?post=15183"}],"curies":[{"name":"wp","href":"https:\/\/api.w.org\/{rel}","templated":true}]}}