{"id":15246,"date":"2023-01-01T08:17:02","date_gmt":"2023-01-01T08:17:02","guid":{"rendered":"https:\/\/motokary-karting.sk\/?post_type=product&#038;p=15246"},"modified":"2026-03-09T08:38:47","modified_gmt":"2026-03-09T08:38:47","slug":"zavodni-bunda-sparco-martini-2","status":"publish","type":"product","link":"https:\/\/motokary-karting.sk\/cz\/produkt\/sparco-bunda-martini-racing-2\/","title":{"rendered":"Bunda Sparco MARTINI RACING Windstopper"},"content":{"rendered":"<p><b>Ultralehk\u00fd v\u00edtr<\/b>\u00a0bunda v legend\u00e1rn\u00edm designu MARTINI RACING. V\u011btru a de\u0161ti odoln\u00e1 tkanina, vizu\u00e1ln\u011b ozna\u010den\u00e9 ramenn\u00ed chlopn\u011b, r\u016fzn\u00e9 n\u00e1\u0161ivky s logy a kapuce dopl\u0148uj\u00ed sportovn\u00ed st\u0159ih a d\u011blaj\u00ed z bundy\u00a0<b>Bundy Windstopper<\/b>\u00a0v chladn\u011bj\u0161\u00edch klimatick\u00fdch podm\u00ednk\u00e1ch nutnost\u00ed.<\/p>\n<div>100% polyester<br \/>\nBarva: tmav\u011b modr\u00e1<\/div>","protected":false},"excerpt":{"rendered":"<p>Ultralehk\u00e1 v\u011btrovka v legend\u00e1rn\u00edm designu MARTINI RACING. V\u011btru a de\u0161ti odoln\u00e1 tkanina, vizu\u00e1ln\u011b ozna\u010den\u00e9 ramenn\u00ed chlopn\u011b, r\u016fzn\u00e9 n\u00e1\u0161ivky s logem a kapuce dopl\u0148uj\u00ed sportovn\u00ed st\u0159ih a...<\/p>","protected":false},"featured_media":17585,"template":"","meta":[],"product_brand":[],"product_cat":[2916,32,1458,158],"product_tag":[3073,3059,3061,3058,1728,142,213,1421,3078,81,26,1419,1418,3057,3060,1420,1755,3080,3079],"class_list":{"0":"post-15246","1":"product","2":"type-product","3":"status-publish","4":"has-post-thumbnail","6":"product_cat-bundy","7":"product_cat-lifestyle-oblecenie-a-produkty-na-volny-cas","8":"product_cat-martini-racing","9":"product_cat-tip-na-darcek","10":"product_tag-bunda-martini-racing","11":"product_tag-bunda-na-zips","12":"product_tag-bunda-na-zips-sparco","13":"product_tag-bunda-sparco","14":"product_tag-kart-shop","15":"product_tag-karting","16":"product_tag-lifestyle","17":"product_tag-martini-racing","18":"product_tag-martini-racing-bunda","19":"product_tag-motokary","20":"product_tag-sparco","21":"product_tag-sparco-bomber","22":"product_tag-sparco-bomber-bunda","23":"product_tag-sparco-bunda","24":"product_tag-sparco-bunda-na-zips","25":"product_tag-sparco-martini-racing","26":"product_tag-sparco-shop","27":"product_tag-sparco-vetrovka","28":"product_tag-vetrovka-sparco","30":"first","31":"instock","32":"sale","33":"taxable","34":"shipping-taxable","35":"purchasable","36":"product-type-variable","37":"customify-col","38":"product-has-gallery"},"aioseo_notices":[],"_links":{"self":[{"href":"https:\/\/motokary-karting.sk\/cz\/wp-json\/wp\/v2\/product\/15246","targetHints":{"allow":["GET"]}}],"collection":[{"href":"https:\/\/motokary-karting.sk\/cz\/wp-json\/wp\/v2\/product"}],"about":[{"href":"https:\/\/motokary-karting.sk\/cz\/wp-json\/wp\/v2\/types\/product"}],"wp:featuredmedia":[{"embeddable":true,"href":"https:\/\/motokary-karting.sk\/cz\/wp-json\/wp\/v2\/media\/17585"}],"wp:attachment":[{"href":"https:\/\/motokary-karting.sk\/cz\/wp-json\/wp\/v2\/media?parent=15246"}],"wp:term":[{"taxonomy":"product_brand","embeddable":true,"href":"https:\/\/motokary-karting.sk\/cz\/wp-json\/wp\/v2\/product_brand?post=15246"},{"taxonomy":"product_cat","embeddable":true,"href":"https:\/\/motokary-karting.sk\/cz\/wp-json\/wp\/v2\/product_cat?post=15246"},{"taxonomy":"product_tag","embeddable":true,"href":"https:\/\/motokary-karting.sk\/cz\/wp-json\/wp\/v2\/product_tag?post=15246"}],"curies":[{"name":"wp","href":"https:\/\/api.w.org\/{rel}","templated":true}]}}