{"id":15356,"date":"2022-06-10T09:29:47","date_gmt":"2022-06-10T09:29:47","guid":{"rendered":"https:\/\/motokary-karting.sk\/?post_type=product&#038;p=15356"},"modified":"2023-03-24T07:53:23","modified_gmt":"2023-03-24T07:53:23","slug":"pouzdra-radici-paky-tm-racing-set-2ks","status":"publish","type":"product","link":"https:\/\/motokary-karting.sk\/cz\/produkt\/pruzinka-radiacej-kulisy-tm-racing-sada-2ks\/","title":{"rendered":"Pru\u017eina \u0159adic\u00ed p\u00e1ky TM Racing | SET of 2"},"content":{"rendered":"","protected":false},"excerpt":{"rendered":"","protected":false},"featured_media":15357,"template":"","meta":[],"product_brand":[],"product_cat":[2755,2756,2332,2822,2331,2333,645,858],"product_tag":[142,81,3085,3084],"class_list":{"0":"post-15356","1":"product","2":"type-product","3":"status-publish","4":"has-post-thumbnail","6":"product_cat-model-tm-k10","7":"product_cat-model-tm-k10b","8":"product_cat-model-tm-k10c","9":"product_cat-model-tm-k9b","10":"product_cat-model-tm-k9c","11":"product_cat-model-tm-kz-r1","12":"product_cat-nahradne-diely-na-motory","13":"product_cat-tm-racing-nahradne-diely-na-motory","14":"product_tag-karting","15":"product_tag-motokary","16":"product_tag-pruzinka-radiacej-kulisy-tm-racing","17":"product_tag-pruzinka-radicky-tm","19":"first","20":"instock","21":"taxable","22":"shipping-taxable","23":"purchasable","24":"product-type-simple","25":"customify-col"},"aioseo_notices":[],"_links":{"self":[{"href":"https:\/\/motokary-karting.sk\/cz\/wp-json\/wp\/v2\/product\/15356","targetHints":{"allow":["GET"]}}],"collection":[{"href":"https:\/\/motokary-karting.sk\/cz\/wp-json\/wp\/v2\/product"}],"about":[{"href":"https:\/\/motokary-karting.sk\/cz\/wp-json\/wp\/v2\/types\/product"}],"wp:featuredmedia":[{"embeddable":true,"href":"https:\/\/motokary-karting.sk\/cz\/wp-json\/wp\/v2\/media\/15357"}],"wp:attachment":[{"href":"https:\/\/motokary-karting.sk\/cz\/wp-json\/wp\/v2\/media?parent=15356"}],"wp:term":[{"taxonomy":"product_brand","embeddable":true,"href":"https:\/\/motokary-karting.sk\/cz\/wp-json\/wp\/v2\/product_brand?post=15356"},{"taxonomy":"product_cat","embeddable":true,"href":"https:\/\/motokary-karting.sk\/cz\/wp-json\/wp\/v2\/product_cat?post=15356"},{"taxonomy":"product_tag","embeddable":true,"href":"https:\/\/motokary-karting.sk\/cz\/wp-json\/wp\/v2\/product_tag?post=15356"}],"curies":[{"name":"wp","href":"https:\/\/api.w.org\/{rel}","templated":true}]}}