{"id":1539,"date":"2020-06-30T12:49:17","date_gmt":"2020-06-30T12:49:17","guid":{"rendered":"https:\/\/motokary-karting.sk\/?post_type=product&#038;p=1539"},"modified":"2026-04-16T17:51:53","modified_gmt":"2026-04-16T17:51:53","slug":"volant-2","status":"publish","type":"product","link":"https:\/\/motokary-karting.sk\/cz\/produkt\/volantova-tyc\/","title":{"rendered":"Ty\u010d volantu - r\u016fzn\u00e9 typy"},"content":{"rendered":"","protected":false},"excerpt":{"rendered":"","protected":false},"featured_media":8028,"template":"","meta":[],"product_brand":[],"product_cat":[271,173,77,378,1063],"product_tag":[1728,142,1344,34,81,827,1987,828,304],"class_list":{"0":"post-1539","1":"product","2":"type-product","3":"status-publish","4":"has-post-thumbnail","6":"product_cat-nahradne-diely-na-podvozky","7":"product_cat-podvozky-nahradne-diely","8":"product_cat-rental-karting","9":"product_cat-riadenie-prislusenstvo","10":"product_cat-riadenie-prislusenstvo-pozicovna","11":"product_tag-kart-shop","12":"product_tag-karting","13":"product_tag-karting-shop","14":"product_tag-motokara","15":"product_tag-motokary","16":"product_tag-tyc","17":"product_tag-tyc-na-volant-motokary","18":"product_tag-volantova","19":"product_tag-volantova-tyc","21":"first","22":"instock","23":"taxable","24":"shipping-taxable","25":"purchasable","26":"product-type-variable","27":"customify-col","28":"product-has-gallery"},"aioseo_notices":[],"_links":{"self":[{"href":"https:\/\/motokary-karting.sk\/cz\/wp-json\/wp\/v2\/product\/1539","targetHints":{"allow":["GET"]}}],"collection":[{"href":"https:\/\/motokary-karting.sk\/cz\/wp-json\/wp\/v2\/product"}],"about":[{"href":"https:\/\/motokary-karting.sk\/cz\/wp-json\/wp\/v2\/types\/product"}],"wp:featuredmedia":[{"embeddable":true,"href":"https:\/\/motokary-karting.sk\/cz\/wp-json\/wp\/v2\/media\/8028"}],"wp:attachment":[{"href":"https:\/\/motokary-karting.sk\/cz\/wp-json\/wp\/v2\/media?parent=1539"}],"wp:term":[{"taxonomy":"product_brand","embeddable":true,"href":"https:\/\/motokary-karting.sk\/cz\/wp-json\/wp\/v2\/product_brand?post=1539"},{"taxonomy":"product_cat","embeddable":true,"href":"https:\/\/motokary-karting.sk\/cz\/wp-json\/wp\/v2\/product_cat?post=1539"},{"taxonomy":"product_tag","embeddable":true,"href":"https:\/\/motokary-karting.sk\/cz\/wp-json\/wp\/v2\/product_tag?post=1539"}],"curies":[{"name":"wp","href":"https:\/\/api.w.org\/{rel}","templated":true}]}}