{"id":1548,"date":"2020-09-30T13:37:03","date_gmt":"2020-09-30T13:37:03","guid":{"rendered":"https:\/\/motokary-karting.sk\/?post_type=product&#038;p=1548"},"modified":"2026-04-08T13:53:20","modified_gmt":"2026-04-08T13:53:20","slug":"zadni-naprava-klinova-3-cepova","status":"publish","type":"product","link":"https:\/\/motokary-karting.sk\/cz\/produkt\/klin-na-zadnu-os-3-pinovy\/","title":{"rendered":"Kl\u00edn pro zadn\u00ed n\u00e1pravu 3-p\u00f3lov\u00fd"},"content":{"rendered":"","protected":false},"excerpt":{"rendered":"","protected":false},"featured_media":4203,"template":"","meta":[],"product_brand":[],"product_cat":[271,668,670,671,368],"product_tag":[142,1344,751,752,753,308,34],"class_list":{"0":"post-1548","1":"product","2":"type-product","3":"status-publish","4":"has-post-thumbnail","6":"product_cat-nahradne-diely-na-podvozky","7":"product_cat-o-30mm-zadne-osi-prislusenstvo","8":"product_cat-o-40mm-zadne-osi-prislusenstvo","9":"product_cat-o-50mm-zadne-osi-prislusenstvo","10":"product_cat-zadne-osi-prislusenstvo","11":"product_tag-karting","12":"product_tag-karting-shop","13":"product_tag-klinek","14":"product_tag-klinky","15":"product_tag-klinky-na-zadnu-os","16":"product_tag-kliny-na-zadnu-os","17":"product_tag-motokara","19":"first","20":"instock","21":"taxable","22":"shipping-taxable","23":"purchasable","24":"product-type-variable","25":"customify-col","26":"product-has-gallery"},"aioseo_notices":[],"_links":{"self":[{"href":"https:\/\/motokary-karting.sk\/cz\/wp-json\/wp\/v2\/product\/1548","targetHints":{"allow":["GET"]}}],"collection":[{"href":"https:\/\/motokary-karting.sk\/cz\/wp-json\/wp\/v2\/product"}],"about":[{"href":"https:\/\/motokary-karting.sk\/cz\/wp-json\/wp\/v2\/types\/product"}],"wp:featuredmedia":[{"embeddable":true,"href":"https:\/\/motokary-karting.sk\/cz\/wp-json\/wp\/v2\/media\/4203"}],"wp:attachment":[{"href":"https:\/\/motokary-karting.sk\/cz\/wp-json\/wp\/v2\/media?parent=1548"}],"wp:term":[{"taxonomy":"product_brand","embeddable":true,"href":"https:\/\/motokary-karting.sk\/cz\/wp-json\/wp\/v2\/product_brand?post=1548"},{"taxonomy":"product_cat","embeddable":true,"href":"https:\/\/motokary-karting.sk\/cz\/wp-json\/wp\/v2\/product_cat?post=1548"},{"taxonomy":"product_tag","embeddable":true,"href":"https:\/\/motokary-karting.sk\/cz\/wp-json\/wp\/v2\/product_tag?post=1548"}],"curies":[{"name":"wp","href":"https:\/\/api.w.org\/{rel}","templated":true}]}}