{"id":15482,"date":"2022-06-11T14:05:34","date_gmt":"2022-06-11T14:05:34","guid":{"rendered":"https:\/\/motokary-karting.sk\/?post_type=product&#038;p=15482"},"modified":"2022-06-11T14:17:38","modified_gmt":"2022-06-11T14:17:38","slug":"boty-sparco-pro-mechaniky-gymkhana-martini-racing","status":"publish","type":"product","link":"https:\/\/motokary-karting.sk\/cz\/produkt\/sparco-obuv-pre-mechanikov-gymkhana-martini-racing\/","title":{"rendered":"Obuv SPARCO pro mechaniky Gymkhana MARTINI RACING"},"content":{"rendered":"<div class=\"product-detail-description-text\">\n<p><span>Sportovn\u00ed bezpe\u010dnostn\u00ed obuv v legend\u00e1rn\u00edm proveden\u00ed\u00a0<\/span><b><span>Vzhled MARTINI RACING<\/span><\/b><span>\u00a0.\u00a0<\/span><b><span>Sparco GYMKHANA<\/span><\/b><span>\u00a0lze pou\u017e\u00edt univerz\u00e1ln\u011b v r\u016fzn\u00fdch oblastech pou\u017eit\u00ed. Svr\u0161ek z m\u011bkk\u00e9ho velurov\u00e9ho mikrovl\u00e1kna s prody\u0161n\u00fdmi s\u00ed\u0165ovan\u00fdmi vlo\u017ekami. Odpru\u017een\u00e1 podr\u00e1\u017eka z materi\u00e1lu EVA nab\u00edz\u00ed maxim\u00e1ln\u00ed p\u0159ilnavost a pohodl\u00ed na jak\u00e9koli podlaze.\u00a0<\/span><b><\/b><\/p>\n<div><b><span style=\"color: #d9000e\"><span>Certifikovan\u00fd S1P SRC<\/span><\/span><\/b><\/div>\n<\/div>\n<div class=\"product-detail-properties\">\n<div class=\"row product-detail-properties-container\"><\/div>\n<\/div>","protected":false},"excerpt":{"rendered":"<p>Sportovn\u00ed bezpe\u010dnostn\u00ed obuv v legend\u00e1rn\u00edm vzhledu MARTINI RACING. Sparco GYMKHANA lze pou\u017e\u00edt univerz\u00e1ln\u011b v r\u016fzn\u00fdch oblastech pou\u017eit\u00ed. Svr\u0161ek z m\u011bkk\u00e9ho velurov\u00e9ho mikrovl\u00e1kna s prody\u0161n\u00fdmi s\u00ed\u0165ovan\u00fdmi vlo\u017ekami. Odpru\u017een\u00e1 podr\u00e1\u017eka vyroben\u00e1 z...<\/p>","protected":false},"featured_media":15496,"template":"","meta":[],"product_brand":[],"product_cat":[32,1458,1066],"product_tag":[142,1421,1423,81,1073,945,26,3101,1420,3099,1067,941,1071,1072],"class_list":{"0":"post-15482","1":"product","2":"type-product","3":"status-publish","4":"has-post-thumbnail","6":"product_cat-lifestyle-oblecenie-a-produkty-na-volny-cas","7":"product_cat-martini-racing","8":"product_cat-tenisky-a-topanky","9":"product_tag-karting","10":"product_tag-martini-racing","11":"product_tag-martini-racing-colection","12":"product_tag-motokary","13":"product_tag-panske-tenisky","14":"product_tag-predajna-sparco","15":"product_tag-sparco","16":"product_tag-sparco-gymkhana","17":"product_tag-sparco-martini-racing","18":"product_tag-sparco-spole","19":"product_tag-sparco-tenisky","20":"product_tag-sparco-topanky","21":"product_tag-sparco-vychadzkova-obuv","22":"product_tag-tenisky","24":"first","25":"onbackorder","26":"taxable","27":"shipping-taxable","28":"purchasable","29":"product-type-variable","30":"customify-col","31":"product-has-gallery"},"aioseo_notices":[],"_links":{"self":[{"href":"https:\/\/motokary-karting.sk\/cz\/wp-json\/wp\/v2\/product\/15482","targetHints":{"allow":["GET"]}}],"collection":[{"href":"https:\/\/motokary-karting.sk\/cz\/wp-json\/wp\/v2\/product"}],"about":[{"href":"https:\/\/motokary-karting.sk\/cz\/wp-json\/wp\/v2\/types\/product"}],"wp:featuredmedia":[{"embeddable":true,"href":"https:\/\/motokary-karting.sk\/cz\/wp-json\/wp\/v2\/media\/15496"}],"wp:attachment":[{"href":"https:\/\/motokary-karting.sk\/cz\/wp-json\/wp\/v2\/media?parent=15482"}],"wp:term":[{"taxonomy":"product_brand","embeddable":true,"href":"https:\/\/motokary-karting.sk\/cz\/wp-json\/wp\/v2\/product_brand?post=15482"},{"taxonomy":"product_cat","embeddable":true,"href":"https:\/\/motokary-karting.sk\/cz\/wp-json\/wp\/v2\/product_cat?post=15482"},{"taxonomy":"product_tag","embeddable":true,"href":"https:\/\/motokary-karting.sk\/cz\/wp-json\/wp\/v2\/product_tag?post=15482"}],"curies":[{"name":"wp","href":"https:\/\/api.w.org\/{rel}","templated":true}]}}