{"id":1555,"date":"2020-06-30T17:50:44","date_gmt":"2020-06-30T17:50:44","guid":{"rendered":"https:\/\/motokary-karting.sk\/?post_type=product&#038;p=1555"},"modified":"2025-05-30T05:15:23","modified_gmt":"2025-05-30T05:15:23","slug":"brzdovy-kotouc-zadni-brzdy-30mm-cerny","status":"publish","type":"product","link":"https:\/\/motokary-karting.sk\/cz\/produkt\/unasac-brzdoveho-disku-zadny-30mm-cierny\/","title":{"rendered":"Brzdov\u00fd t\u0159men zadn\u00ed 30mm - 3 barvy"},"content":{"rendered":"","protected":false},"excerpt":{"rendered":"","protected":false},"featured_media":2132,"template":"","meta":[],"product_brand":[],"product_cat":[399,1062,271,648,173,77],"product_tag":[510,511,512,142,1344,34,81,310,309],"class_list":{"0":"post-1555","1":"product","2":"type-product","3":"status-publish","4":"has-post-thumbnail","6":"product_cat-naboje-a-unasace","7":"product_cat-naboje-unasace-pozicovna","8":"product_cat-nahradne-diely-na-podvozky","9":"product_cat-o-30mm","10":"product_cat-podvozky-nahradne-diely","11":"product_cat-rental-karting","12":"product_tag-30mm","13":"product_tag-brake-disc","14":"product_tag-brake-disc-carrier","15":"product_tag-karting","16":"product_tag-karting-shop","17":"product_tag-motokara","18":"product_tag-motokary","19":"product_tag-unasac","20":"product_tag-unasac-brzdoveho-disku","22":"first","23":"onbackorder","24":"taxable","25":"shipping-taxable","26":"purchasable","27":"product-type-variable","28":"customify-col"},"aioseo_notices":[],"_links":{"self":[{"href":"https:\/\/motokary-karting.sk\/cz\/wp-json\/wp\/v2\/product\/1555","targetHints":{"allow":["GET"]}}],"collection":[{"href":"https:\/\/motokary-karting.sk\/cz\/wp-json\/wp\/v2\/product"}],"about":[{"href":"https:\/\/motokary-karting.sk\/cz\/wp-json\/wp\/v2\/types\/product"}],"wp:featuredmedia":[{"embeddable":true,"href":"https:\/\/motokary-karting.sk\/cz\/wp-json\/wp\/v2\/media\/2132"}],"wp:attachment":[{"href":"https:\/\/motokary-karting.sk\/cz\/wp-json\/wp\/v2\/media?parent=1555"}],"wp:term":[{"taxonomy":"product_brand","embeddable":true,"href":"https:\/\/motokary-karting.sk\/cz\/wp-json\/wp\/v2\/product_brand?post=1555"},{"taxonomy":"product_cat","embeddable":true,"href":"https:\/\/motokary-karting.sk\/cz\/wp-json\/wp\/v2\/product_cat?post=1555"},{"taxonomy":"product_tag","embeddable":true,"href":"https:\/\/motokary-karting.sk\/cz\/wp-json\/wp\/v2\/product_tag?post=1555"}],"curies":[{"name":"wp","href":"https:\/\/api.w.org\/{rel}","templated":true}]}}