{"id":1559,"date":"2020-10-30T18:01:20","date_gmt":"2020-10-30T18:01:20","guid":{"rendered":"https:\/\/motokary-karting.sk\/?post_type=product&#038;p=1559"},"modified":"2026-04-15T10:07:44","modified_gmt":"2026-04-15T10:07:44","slug":"lozisko-zadni-napravy-25mm-50mm","status":"publish","type":"product","link":"https:\/\/motokary-karting.sk\/cz\/produkt\/lozisko-zadnej-osi-25mm-50mm\/","title":{"rendered":"Lo\u017eisko zadn\u00ed n\u00e1pravy 25 mm-50 mm"},"content":{"rendered":"","protected":false},"excerpt":{"rendered":"","protected":false},"featured_media":4684,"template":"","meta":[],"product_brand":[],"product_cat":[271,668,670,671,173,77,368],"product_tag":[1297,510,652,400,549,1388,142,1344,1389,313,312,34,81,293,550,551],"class_list":{"0":"post-1559","1":"product","2":"type-product","3":"status-publish","4":"has-post-thumbnail","6":"product_cat-nahradne-diely-na-podvozky","7":"product_cat-o-30mm-zadne-osi-prislusenstvo","8":"product_cat-o-40mm-zadne-osi-prislusenstvo","9":"product_cat-o-50mm-zadne-osi-prislusenstvo","10":"product_cat-podvozky-nahradne-diely","11":"product_cat-rental-karting","12":"product_cat-zadne-osi-prislusenstvo","13":"product_tag-25mm","14":"product_tag-30mm","15":"product_tag-40mm","16":"product_tag-50mm","17":"product_tag-bearing","18":"product_tag-hlavne-loziska-na-zadnu-os","19":"product_tag-karting","20":"product_tag-karting-shop","21":"product_tag-loziska-na-zadnu-os","22":"product_tag-lozisko-zadnej-osi","23":"product_tag-lozisko-zadnej-osy","24":"product_tag-motokara","25":"product_tag-motokary","26":"product_tag-pozicovna","27":"product_tag-rear-axle-bearing","28":"product_tag-rear-bearings","30":"first","31":"instock","32":"taxable","33":"shipping-taxable","34":"purchasable","35":"product-type-variable","36":"customify-col"},"aioseo_notices":[],"_links":{"self":[{"href":"https:\/\/motokary-karting.sk\/cz\/wp-json\/wp\/v2\/product\/1559","targetHints":{"allow":["GET"]}}],"collection":[{"href":"https:\/\/motokary-karting.sk\/cz\/wp-json\/wp\/v2\/product"}],"about":[{"href":"https:\/\/motokary-karting.sk\/cz\/wp-json\/wp\/v2\/types\/product"}],"wp:featuredmedia":[{"embeddable":true,"href":"https:\/\/motokary-karting.sk\/cz\/wp-json\/wp\/v2\/media\/4684"}],"wp:attachment":[{"href":"https:\/\/motokary-karting.sk\/cz\/wp-json\/wp\/v2\/media?parent=1559"}],"wp:term":[{"taxonomy":"product_brand","embeddable":true,"href":"https:\/\/motokary-karting.sk\/cz\/wp-json\/wp\/v2\/product_brand?post=1559"},{"taxonomy":"product_cat","embeddable":true,"href":"https:\/\/motokary-karting.sk\/cz\/wp-json\/wp\/v2\/product_cat?post=1559"},{"taxonomy":"product_tag","embeddable":true,"href":"https:\/\/motokary-karting.sk\/cz\/wp-json\/wp\/v2\/product_tag?post=1559"}],"curies":[{"name":"wp","href":"https:\/\/api.w.org\/{rel}","templated":true}]}}