{"id":1579,"date":"2020-06-30T18:46:38","date_gmt":"2020-06-30T18:46:38","guid":{"rendered":"https:\/\/motokary-karting.sk\/?post_type=product&#038;p=1579"},"modified":"2026-04-07T12:01:02","modified_gmt":"2026-04-07T12:01:02","slug":"montazni-sada-pro-trup","status":"publish","type":"product","link":"https:\/\/motokary-karting.sk\/cz\/produkt\/montazna-sada-na-nadrz\/","title":{"rendered":"Sada pro mont\u00e1\u017e n\u00e1dr\u017ee"},"content":{"rendered":"","protected":false},"excerpt":{"rendered":"","protected":false},"featured_media":1580,"template":"","meta":[],"product_brand":[],"product_cat":[380,271],"product_tag":[327,34],"class_list":{"0":"post-1579","1":"product","2":"type-product","3":"status-publish","4":"has-post-thumbnail","6":"product_cat-nadrze-prislusenstvo","7":"product_cat-nahradne-diely-na-podvozky","8":"product_tag-montazna-sada-na-nadrz","9":"product_tag-motokara","11":"first","12":"onbackorder","13":"taxable","14":"shipping-taxable","15":"purchasable","16":"product-type-simple","17":"customify-col","18":"product-has-gallery"},"aioseo_notices":[],"_links":{"self":[{"href":"https:\/\/motokary-karting.sk\/cz\/wp-json\/wp\/v2\/product\/1579","targetHints":{"allow":["GET"]}}],"collection":[{"href":"https:\/\/motokary-karting.sk\/cz\/wp-json\/wp\/v2\/product"}],"about":[{"href":"https:\/\/motokary-karting.sk\/cz\/wp-json\/wp\/v2\/types\/product"}],"wp:featuredmedia":[{"embeddable":true,"href":"https:\/\/motokary-karting.sk\/cz\/wp-json\/wp\/v2\/media\/1580"}],"wp:attachment":[{"href":"https:\/\/motokary-karting.sk\/cz\/wp-json\/wp\/v2\/media?parent=1579"}],"wp:term":[{"taxonomy":"product_brand","embeddable":true,"href":"https:\/\/motokary-karting.sk\/cz\/wp-json\/wp\/v2\/product_brand?post=1579"},{"taxonomy":"product_cat","embeddable":true,"href":"https:\/\/motokary-karting.sk\/cz\/wp-json\/wp\/v2\/product_cat?post=1579"},{"taxonomy":"product_tag","embeddable":true,"href":"https:\/\/motokary-karting.sk\/cz\/wp-json\/wp\/v2\/product_tag?post=1579"}],"curies":[{"name":"wp","href":"https:\/\/api.w.org\/{rel}","templated":true}]}}