{"id":1582,"date":"2020-06-30T18:48:40","date_gmt":"2020-06-30T18:48:40","guid":{"rendered":"https:\/\/motokary-karting.sk\/?post_type=product&#038;p=1582"},"modified":"2023-06-05T09:01:54","modified_gmt":"2023-06-05T09:01:54","slug":"mechyr-pro-motor-270-cm3","status":"publish","type":"product","link":"https:\/\/motokary-karting.sk\/cz\/produkt\/nadrz-pre-motor-270cc\/","title":{"rendered":"N\u00e1dr\u017e pro motor 270 cm3"},"content":{"rendered":"","protected":false},"excerpt":{"rendered":"<p>Zbo\u017e\u00ed na sklad\u011b je expedov\u00e1no okam\u017eit\u011b<\/p>","protected":false},"featured_media":1587,"template":"","meta":[],"product_brand":[],"product_cat":[287,1174,77],"product_tag":[142,81,328,1175,329,293,290],"class_list":{"0":"post-1582","1":"product","2":"type-product","3":"status-publish","4":"has-post-thumbnail","6":"product_cat-motory-nahradne-diely","7":"product_cat-nadrze-prislusenstvo-motory-nahradne-diely","8":"product_cat-rental-karting","9":"product_tag-karting","10":"product_tag-motokary","11":"product_tag-nadrz","12":"product_tag-nadrz-motor-pozicovna-motokar","13":"product_tag-nardz-pre-motor-270cc","14":"product_tag-pozicovna","15":"product_tag-pozicovna-motokar","17":"first","18":"onbackorder","19":"taxable","20":"shipping-taxable","21":"purchasable","22":"product-type-simple","23":"customify-col"},"aioseo_notices":[],"_links":{"self":[{"href":"https:\/\/motokary-karting.sk\/cz\/wp-json\/wp\/v2\/product\/1582","targetHints":{"allow":["GET"]}}],"collection":[{"href":"https:\/\/motokary-karting.sk\/cz\/wp-json\/wp\/v2\/product"}],"about":[{"href":"https:\/\/motokary-karting.sk\/cz\/wp-json\/wp\/v2\/types\/product"}],"wp:featuredmedia":[{"embeddable":true,"href":"https:\/\/motokary-karting.sk\/cz\/wp-json\/wp\/v2\/media\/1587"}],"wp:attachment":[{"href":"https:\/\/motokary-karting.sk\/cz\/wp-json\/wp\/v2\/media?parent=1582"}],"wp:term":[{"taxonomy":"product_brand","embeddable":true,"href":"https:\/\/motokary-karting.sk\/cz\/wp-json\/wp\/v2\/product_brand?post=1582"},{"taxonomy":"product_cat","embeddable":true,"href":"https:\/\/motokary-karting.sk\/cz\/wp-json\/wp\/v2\/product_cat?post=1582"},{"taxonomy":"product_tag","embeddable":true,"href":"https:\/\/motokary-karting.sk\/cz\/wp-json\/wp\/v2\/product_tag?post=1582"}],"curies":[{"name":"wp","href":"https:\/\/api.w.org\/{rel}","templated":true}]}}