{"id":1584,"date":"2020-06-30T18:53:34","date_gmt":"2020-06-30T18:53:34","guid":{"rendered":"https:\/\/motokary-karting.sk\/?post_type=product&#038;p=1584"},"modified":"2023-10-17T08:42:44","modified_gmt":"2023-10-17T08:42:44","slug":"cerveny-plastovy-drzak-radici-paky-s-kovovym-sroubem","status":"publish","type":"product","link":"https:\/\/motokary-karting.sk\/cz\/produkt\/uchyt-radiacej-paky-cerveny-plastovy-s-kovovym-zavitom\/","title":{"rendered":"Rukoje\u0165 \u0159adic\u00ed p\u00e1ky z \u010derven\u00e9ho plastu s kovov\u00fdm z\u00e1vitem"},"content":{"rendered":"","protected":false},"excerpt":{"rendered":"","protected":false},"featured_media":1585,"template":"","meta":[],"product_brand":[],"product_cat":[271,276],"product_tag":[330,34,331],"class_list":{"0":"post-1584","1":"product","2":"type-product","3":"status-publish","4":"has-post-thumbnail","6":"product_cat-nahradne-diely-na-podvozky","7":"product_cat-ostatne","8":"product_tag-gula-paky","9":"product_tag-motokara","10":"product_tag-uchyt-radiacej-paky","12":"first","13":"instock","14":"sale","15":"taxable","16":"shipping-taxable","17":"purchasable","18":"product-type-simple","19":"customify-col"},"aioseo_notices":[],"_links":{"self":[{"href":"https:\/\/motokary-karting.sk\/cz\/wp-json\/wp\/v2\/product\/1584","targetHints":{"allow":["GET"]}}],"collection":[{"href":"https:\/\/motokary-karting.sk\/cz\/wp-json\/wp\/v2\/product"}],"about":[{"href":"https:\/\/motokary-karting.sk\/cz\/wp-json\/wp\/v2\/types\/product"}],"wp:featuredmedia":[{"embeddable":true,"href":"https:\/\/motokary-karting.sk\/cz\/wp-json\/wp\/v2\/media\/1585"}],"wp:attachment":[{"href":"https:\/\/motokary-karting.sk\/cz\/wp-json\/wp\/v2\/media?parent=1584"}],"wp:term":[{"taxonomy":"product_brand","embeddable":true,"href":"https:\/\/motokary-karting.sk\/cz\/wp-json\/wp\/v2\/product_brand?post=1584"},{"taxonomy":"product_cat","embeddable":true,"href":"https:\/\/motokary-karting.sk\/cz\/wp-json\/wp\/v2\/product_cat?post=1584"},{"taxonomy":"product_tag","embeddable":true,"href":"https:\/\/motokary-karting.sk\/cz\/wp-json\/wp\/v2\/product_tag?post=1584"}],"curies":[{"name":"wp","href":"https:\/\/api.w.org\/{rel}","templated":true}]}}