{"id":16214,"date":"2022-06-25T07:42:29","date_gmt":"2022-06-25T07:42:29","guid":{"rendered":"https:\/\/motokary-karting.sk\/?post_type=product&#038;p=16214"},"modified":"2023-01-01T12:44:27","modified_gmt":"2023-01-01T12:44:27","slug":"sparco-polocosela-2","status":"publish","type":"product","link":"https:\/\/motokary-karting.sk\/cz\/produkt\/sparco-polokosela-2\/","title":{"rendered":"Poloko\u0161ile Sparco"},"content":{"rendered":"<p><b><span>Poloko\u0161ile Sparco pique<\/span><\/b><span>\u00a0s klopou na zip. Man\u017eety ruk\u00e1v\u016f v kontrastn\u00ed barv\u011b.<\/span><\/p>\n<div><span>55% bavlna, 39% polyester, 6% elastan.<\/span><\/div>\n<div><\/div>\n<div><span>Barvy: tmav\u011b modr\u00e1\/\u010dern\u00e1, b\u00edl\u00e1, \u010dern\u00e1, \u010dern\u00e1\/modr\u00e1<\/span><\/div>","protected":false},"excerpt":{"rendered":"<p>Poloko\u0161ile Sparco pique s klopou na zip. Man\u017eety ruk\u00e1v\u016f v kontrastn\u00ed barv\u011b. 55% bavlna, 39% polyester, 6% elastan Barvy: tmav\u011b modr\u00e1\/\u010dern\u00e1, b\u00edl\u00e1, \u010dern\u00e1, \u010dern\u00e1\/modr\u00e1.<\/p>","protected":false},"featured_media":16221,"template":"","meta":[],"product_brand":[],"product_cat":[32,655],"product_tag":[1728,142,1344,81,3123,3124,945,26,3125,1755,993,261,466],"class_list":{"0":"post-16214","1":"product","2":"type-product","3":"status-publish","4":"has-post-thumbnail","6":"product_cat-lifestyle-oblecenie-a-produkty-na-volny-cas","7":"product_cat-tricka","8":"product_tag-kart-shop","9":"product_tag-karting","10":"product_tag-karting-shop","11":"product_tag-motokary","12":"product_tag-polokosela","13":"product_tag-polokosela-sparco","14":"product_tag-predajna-sparco","15":"product_tag-sparco","16":"product_tag-sparco-polokosela","17":"product_tag-sparco-shop","18":"product_tag-sparco-tricko","19":"product_tag-tricko","20":"product_tag-tricko-sparco","22":"first","23":"onbackorder","24":"taxable","25":"shipping-taxable","26":"purchasable","27":"product-type-variable","28":"customify-col","29":"product-has-gallery"},"aioseo_notices":[],"_links":{"self":[{"href":"https:\/\/motokary-karting.sk\/cz\/wp-json\/wp\/v2\/product\/16214","targetHints":{"allow":["GET"]}}],"collection":[{"href":"https:\/\/motokary-karting.sk\/cz\/wp-json\/wp\/v2\/product"}],"about":[{"href":"https:\/\/motokary-karting.sk\/cz\/wp-json\/wp\/v2\/types\/product"}],"wp:featuredmedia":[{"embeddable":true,"href":"https:\/\/motokary-karting.sk\/cz\/wp-json\/wp\/v2\/media\/16221"}],"wp:attachment":[{"href":"https:\/\/motokary-karting.sk\/cz\/wp-json\/wp\/v2\/media?parent=16214"}],"wp:term":[{"taxonomy":"product_brand","embeddable":true,"href":"https:\/\/motokary-karting.sk\/cz\/wp-json\/wp\/v2\/product_brand?post=16214"},{"taxonomy":"product_cat","embeddable":true,"href":"https:\/\/motokary-karting.sk\/cz\/wp-json\/wp\/v2\/product_cat?post=16214"},{"taxonomy":"product_tag","embeddable":true,"href":"https:\/\/motokary-karting.sk\/cz\/wp-json\/wp\/v2\/product_tag?post=16214"}],"curies":[{"name":"wp","href":"https:\/\/api.w.org\/{rel}","templated":true}]}}