{"id":16279,"date":"2022-06-25T08:45:31","date_gmt":"2022-06-25T08:45:31","guid":{"rendered":"https:\/\/motokary-karting.sk\/?post_type=product&#038;p=16279"},"modified":"2024-11-26T22:46:58","modified_gmt":"2024-11-26T22:46:58","slug":"sparco-polocosela-corporate","status":"publish","type":"product","link":"https:\/\/motokary-karting.sk\/cz\/produkt\/sparco-polokosela-corporate\/","title":{"rendered":"Firemn\u00ed poloko\u0161ile Sparco"},"content":{"rendered":"<p><span>100% bavln\u011bn\u00e9 pik\u00e9<\/span><\/p>\n<div><span>Barvy: tmav\u011b modr\u00e1, b\u00edl\u00e1, \u010dern\u00e1<\/span><\/div>","protected":false},"excerpt":{"rendered":"<p>Materi\u00e1l: 100% bavln\u011bn\u00e9 pik\u00e9 Barvy: tmav\u011b modr\u00e1, b\u00edl\u00e1, \u010dern\u00e1<\/p>","protected":false},"featured_media":16284,"template":"","meta":[],"product_brand":[],"product_cat":[32,655],"product_tag":[1728,142,1344,81,3123,3124,945,26,3125,1755,993,261,466],"class_list":{"0":"post-16279","1":"product","2":"type-product","3":"status-publish","4":"has-post-thumbnail","6":"product_cat-lifestyle-oblecenie-a-produkty-na-volny-cas","7":"product_cat-tricka","8":"product_tag-kart-shop","9":"product_tag-karting","10":"product_tag-karting-shop","11":"product_tag-motokary","12":"product_tag-polokosela","13":"product_tag-polokosela-sparco","14":"product_tag-predajna-sparco","15":"product_tag-sparco","16":"product_tag-sparco-polokosela","17":"product_tag-sparco-shop","18":"product_tag-sparco-tricko","19":"product_tag-tricko","20":"product_tag-tricko-sparco","22":"first","23":"onbackorder","24":"taxable","25":"shipping-taxable","26":"purchasable","27":"product-type-variable","28":"customify-col","29":"product-has-gallery"},"aioseo_notices":[],"_links":{"self":[{"href":"https:\/\/motokary-karting.sk\/cz\/wp-json\/wp\/v2\/product\/16279","targetHints":{"allow":["GET"]}}],"collection":[{"href":"https:\/\/motokary-karting.sk\/cz\/wp-json\/wp\/v2\/product"}],"about":[{"href":"https:\/\/motokary-karting.sk\/cz\/wp-json\/wp\/v2\/types\/product"}],"wp:featuredmedia":[{"embeddable":true,"href":"https:\/\/motokary-karting.sk\/cz\/wp-json\/wp\/v2\/media\/16284"}],"wp:attachment":[{"href":"https:\/\/motokary-karting.sk\/cz\/wp-json\/wp\/v2\/media?parent=16279"}],"wp:term":[{"taxonomy":"product_brand","embeddable":true,"href":"https:\/\/motokary-karting.sk\/cz\/wp-json\/wp\/v2\/product_brand?post=16279"},{"taxonomy":"product_cat","embeddable":true,"href":"https:\/\/motokary-karting.sk\/cz\/wp-json\/wp\/v2\/product_cat?post=16279"},{"taxonomy":"product_tag","embeddable":true,"href":"https:\/\/motokary-karting.sk\/cz\/wp-json\/wp\/v2\/product_tag?post=16279"}],"curies":[{"name":"wp","href":"https:\/\/api.w.org\/{rel}","templated":true}]}}