{"id":16413,"date":"2022-06-25T15:05:08","date_gmt":"2022-06-25T15:05:08","guid":{"rendered":"https:\/\/motokary-karting.sk\/?post_type=product&#038;p=16413"},"modified":"2022-06-25T15:10:23","modified_gmt":"2022-06-25T15:10:23","slug":"omp-pouch-co-driver","status":"publish","type":"product","link":"https:\/\/motokary-karting.sk\/cz\/produkt\/omp-taska-co-driver\/","title":{"rendered":"Ta\u0161ka spolujezdce OMP"},"content":{"rendered":"<p><span>Lehk\u00e9\u00a0\u00a0<\/span><strong><span>Ta\u0161ka p\u0159es rameno OMP Co-Driver<\/span><\/strong><span>\u00a0\u00a0s p\u0159ehlednou hlavn\u00ed p\u0159ihr\u00e1dkou a mnoha samostatn\u00fdmi vn\u011bj\u0161\u00edmi p\u0159ihr\u00e1dkami. Ide\u00e1ln\u00ed pro ukl\u00e1d\u00e1n\u00ed a p\u0159en\u00e1\u0161en\u00ed r\u016fzn\u00fdch dokument\u016f. Na zadn\u00ed stran\u011b jsou 2 nastaviteln\u00e9 ramenn\u00ed popruhy, tak\u017ee ta\u0161ku lze nosit i jako batoh.<\/span><\/p>\n<p><span>Rozm\u011bry (Vx\u0160xH): 40 x 34 x 20 cm<\/span><\/p>\n<p><span>100% polyester<\/span><strong><br \/>\n<\/strong><\/p>\n<p><strong><span>Barva: \u010cern\u00e1<\/span><\/strong><\/p>","protected":false},"excerpt":{"rendered":"<p>Lehk\u00e1 ta\u0161ka p\u0159es rameno OMP Co-Driver s p\u0159ehledn\u011b uspo\u0159\u00e1danou hlavn\u00ed p\u0159ihr\u00e1dkou a mnoha odd\u011blen\u00fdmi vn\u011bj\u0161\u00edmi p\u0159ihr\u00e1dkami. Ide\u00e1ln\u00ed pro ukl\u00e1d\u00e1n\u00ed a p\u0159en\u00e1\u0161en\u00ed r\u016fzn\u00fdch dokument\u016f. Na zadn\u00ed stran\u011b se nach\u00e1zej\u00ed 2 nastaviteln\u00e9 ramenn\u00ed popruhy, kter\u00e9 umo\u017e\u0148uj\u00ed...<\/p>","protected":false},"featured_media":16417,"template":"","meta":[],"product_brand":[],"product_cat":[32,734],"product_tag":[3143,142,1344,81,25,3154,3152,730,3150,3153],"class_list":{"0":"post-16413","1":"product","2":"type-product","3":"status-publish","4":"has-post-thumbnail","6":"product_cat-lifestyle-oblecenie-a-produkty-na-volny-cas","7":"product_cat-ruksaky-tasky-na-prilby","8":"product_tag-batoh","9":"product_tag-karting","10":"product_tag-karting-shop","11":"product_tag-motokary","12":"product_tag-omp","13":"product_tag-omp-codriver","14":"product_tag-omp-taska","15":"product_tag-ruksak","16":"product_tag-sportova-taska","17":"product_tag-taska-omp","19":"first","20":"onbackorder","21":"taxable","22":"shipping-taxable","23":"purchasable","24":"product-type-simple","25":"customify-col","26":"product-has-gallery"},"aioseo_notices":[],"_links":{"self":[{"href":"https:\/\/motokary-karting.sk\/cz\/wp-json\/wp\/v2\/product\/16413","targetHints":{"allow":["GET"]}}],"collection":[{"href":"https:\/\/motokary-karting.sk\/cz\/wp-json\/wp\/v2\/product"}],"about":[{"href":"https:\/\/motokary-karting.sk\/cz\/wp-json\/wp\/v2\/types\/product"}],"wp:featuredmedia":[{"embeddable":true,"href":"https:\/\/motokary-karting.sk\/cz\/wp-json\/wp\/v2\/media\/16417"}],"wp:attachment":[{"href":"https:\/\/motokary-karting.sk\/cz\/wp-json\/wp\/v2\/media?parent=16413"}],"wp:term":[{"taxonomy":"product_brand","embeddable":true,"href":"https:\/\/motokary-karting.sk\/cz\/wp-json\/wp\/v2\/product_brand?post=16413"},{"taxonomy":"product_cat","embeddable":true,"href":"https:\/\/motokary-karting.sk\/cz\/wp-json\/wp\/v2\/product_cat?post=16413"},{"taxonomy":"product_tag","embeddable":true,"href":"https:\/\/motokary-karting.sk\/cz\/wp-json\/wp\/v2\/product_tag?post=16413"}],"curies":[{"name":"wp","href":"https:\/\/api.w.org\/{rel}","templated":true}]}}