{"id":16438,"date":"2022-06-26T07:11:47","date_gmt":"2022-06-26T07:11:47","guid":{"rendered":"https:\/\/motokary-karting.sk\/?post_type=product&#038;p=16438"},"modified":"2023-08-14T18:28:33","modified_gmt":"2023-08-14T18:28:33","slug":"cestovni-taska-alpinestars-komodo","status":"publish","type":"product","link":"https:\/\/motokary-karting.sk\/cz\/produkt\/alpinestars-cestovna-taska-komodo\/","title":{"rendered":"Cestovn\u00ed ta\u0161ka Alpinestars Komodo"},"content":{"rendered":"<p><span><span class=\"\">Prostorn\u00fd\u00a0<\/span><span class=\"\">cestovn\u00ed ta\u0161ka <strong>Alpy<\/strong><\/span><\/span><strong><span><span class=\"\">inestars\u00a0<\/span><\/span><\/strong><strong><span><span class=\"\">Komodo<\/span><\/span><\/strong><span><span class=\"\">\u00a0s r\u016fzn\u00fdmi p\u0159ihr\u00e1dkami na zip pro p\u0159ehledn\u00e9 ulo\u017een\u00ed ve\u0161ker\u00e9ho vybaven\u00ed.\u00a0<\/span>Odd\u011blen\u00e1, vyj\u00edmateln\u00e1 p\u0159ihr\u00e1dka pro mokr\u00e9 \u010di\u0161t\u011bn\u00ed. Integrovan\u00e9 v\u011btrac\u00ed otvory a robustn\u00ed rohov\u00e9 v\u00fdztuhy. Stabiln\u00ed, vodoodpudiv\u00e1 z\u00e1kladna chr\u00e1n\u00ed ta\u0161ku p\u0159ed ne\u010distotami a vlhkost\u00ed zespodu. Dv\u011b velk\u00e1 poutka na p\u0159en\u00e1\u0161en\u00ed a p\u0159\u00eddavn\u00e1 madla na boc\u00edch pro variabiln\u00ed zved\u00e1n\u00ed a\u00a0<\/span><span>P\u0159en\u00e1\u0161en\u00ed. V\u00fdsuvn\u00e1 teleskopick\u00e1 rukoje\u0165 a integrovan\u00e9<\/span><span>\u00a0kola d\u011blaj\u00ed\u00a0<\/span><strong><span>COMODO<\/span><\/strong><span>\u00a0man\u00e9vrovatelnost a flexibilita.<\/span><\/p>\n<p><span>Rozm\u011bry: p\u0159ibli\u017en\u011b 94 x 45 x 40 cm<\/span><br \/>\n<span>Objem: p\u0159ibli\u017en\u011b 150 litr\u016f<\/span><\/p>","protected":false},"excerpt":{"rendered":"<p>Prostorn\u00e1 cestovn\u00ed ta\u0161ka Alpinestars Komodo s r\u016fzn\u00fdmi p\u0159ihr\u00e1dkami na zip pro snadn\u00e9 ulo\u017een\u00ed ve\u0161ker\u00e9ho vybaven\u00ed. Odd\u011blen\u00e1, vyj\u00edmateln\u00e1 p\u0159ihr\u00e1dka pro mokr\u00e9 \u010di\u0161t\u011bn\u00ed. Integrovan\u00e9 v\u011btrac\u00ed otvory a robustn\u00ed v\u00fdztuhy na roz\u00edch. Stabiln\u00ed, odoln\u00e1 a bezpe\u010dn\u00e1 bra\u0161na....<\/p>","protected":false},"featured_media":16439,"template":"","meta":[],"product_brand":[],"product_cat":[2917,32],"product_tag":[79,1873,3164,1866,1874,1728,142,1344,81,3159],"class_list":{"0":"post-16438","1":"product","2":"type-product","3":"status-publish","4":"has-post-thumbnail","6":"product_cat-batozina","7":"product_cat-lifestyle-oblecenie-a-produkty-na-volny-cas","8":"product_tag-alpinestars","9":"product_tag-alpinestars-cestovna-taska","10":"product_tag-alpinestars-komodo","11":"product_tag-cestovna-taska","12":"product_tag-cestovna-taska-alpinestars","13":"product_tag-kart-shop","14":"product_tag-karting","15":"product_tag-karting-shop","16":"product_tag-motokary","17":"product_tag-taska-na-kolieskach","19":"first","20":"onbackorder","21":"taxable","22":"shipping-taxable","23":"purchasable","24":"product-type-variable","25":"customify-col","26":"product-has-gallery"},"aioseo_notices":[],"_links":{"self":[{"href":"https:\/\/motokary-karting.sk\/cz\/wp-json\/wp\/v2\/product\/16438","targetHints":{"allow":["GET"]}}],"collection":[{"href":"https:\/\/motokary-karting.sk\/cz\/wp-json\/wp\/v2\/product"}],"about":[{"href":"https:\/\/motokary-karting.sk\/cz\/wp-json\/wp\/v2\/types\/product"}],"wp:featuredmedia":[{"embeddable":true,"href":"https:\/\/motokary-karting.sk\/cz\/wp-json\/wp\/v2\/media\/16439"}],"wp:attachment":[{"href":"https:\/\/motokary-karting.sk\/cz\/wp-json\/wp\/v2\/media?parent=16438"}],"wp:term":[{"taxonomy":"product_brand","embeddable":true,"href":"https:\/\/motokary-karting.sk\/cz\/wp-json\/wp\/v2\/product_brand?post=16438"},{"taxonomy":"product_cat","embeddable":true,"href":"https:\/\/motokary-karting.sk\/cz\/wp-json\/wp\/v2\/product_cat?post=16438"},{"taxonomy":"product_tag","embeddable":true,"href":"https:\/\/motokary-karting.sk\/cz\/wp-json\/wp\/v2\/product_tag?post=16438"}],"curies":[{"name":"wp","href":"https:\/\/api.w.org\/{rel}","templated":true}]}}