{"id":16445,"date":"2022-06-26T07:39:56","date_gmt":"2022-06-26T07:39:56","guid":{"rendered":"https:\/\/motokary-karting.sk\/?post_type=product&#038;p=16445"},"modified":"2022-07-11T09:10:51","modified_gmt":"2022-07-11T09:10:51","slug":"cestovni-taska-omp-travel","status":"publish","type":"product","link":"https:\/\/motokary-karting.sk\/cz\/produkt\/omp-cestovna-taska-travel\/","title":{"rendered":"Cestovn\u00ed ta\u0161ka OMP Travel"},"content":{"rendered":"<p><span>Praktick\u00fd <\/span><strong><span>cestovn\u00ed ta\u0161ka OMP Travel<\/span><\/strong><span>\u00a0je ide\u00e1ln\u00edm spole\u010dn\u00edkem na cesty a nab\u00edz\u00ed spoustu \u00falo\u017en\u00e9ho prostoru. P\u0159en\u00e1\u0161en\u00ed a p\u0159epravu zaji\u0161\u0165uj\u00ed rukojeti, nastaviteln\u00fd ramenn\u00ed popruh a pln\u011b v\u00fdsuvn\u00e1 teleskopick\u00e1 rukoje\u0165.<\/span><\/p>\n<p><span>Rozm\u011bry: 90 x 38 x 39 cm<\/span><br \/>\n<span>100% polyester<\/span><\/p>\n<p><strong><span>Barva: <\/span><\/strong>\u010cern\u00e1<\/p>","protected":false},"excerpt":{"rendered":"<p>Praktick\u00e1 cestovn\u00ed ta\u0161ka OMP Travel je ide\u00e1ln\u00edm spole\u010dn\u00edkem na cesty a nab\u00edz\u00ed dostatek \u00falo\u017en\u00e9ho prostoru. \u00dachyty pro p\u0159en\u00e1\u0161en\u00ed a p\u0159en\u00e1\u0161en\u00ed, nastaviteln\u00fd ramenn\u00ed popruh a...<\/p>","protected":false},"featured_media":16448,"template":"","meta":[],"product_brand":[],"product_cat":[2917,32],"product_tag":[1866,3166,1728,142,1344,81,25,3165,3167,3159],"class_list":{"0":"post-16445","1":"product","2":"type-product","3":"status-publish","4":"has-post-thumbnail","6":"product_cat-batozina","7":"product_cat-lifestyle-oblecenie-a-produkty-na-volny-cas","8":"product_tag-cestovna-taska","9":"product_tag-cestovna-taska-omp","10":"product_tag-kart-shop","11":"product_tag-karting","12":"product_tag-karting-shop","13":"product_tag-motokary","14":"product_tag-omp","15":"product_tag-omp-cestovna-taska","16":"product_tag-omp-travel","17":"product_tag-taska-na-kolieskach","19":"first","20":"onbackorder","21":"taxable","22":"shipping-taxable","23":"purchasable","24":"product-type-simple","25":"customify-col"},"aioseo_notices":[],"_links":{"self":[{"href":"https:\/\/motokary-karting.sk\/cz\/wp-json\/wp\/v2\/product\/16445","targetHints":{"allow":["GET"]}}],"collection":[{"href":"https:\/\/motokary-karting.sk\/cz\/wp-json\/wp\/v2\/product"}],"about":[{"href":"https:\/\/motokary-karting.sk\/cz\/wp-json\/wp\/v2\/types\/product"}],"wp:featuredmedia":[{"embeddable":true,"href":"https:\/\/motokary-karting.sk\/cz\/wp-json\/wp\/v2\/media\/16448"}],"wp:attachment":[{"href":"https:\/\/motokary-karting.sk\/cz\/wp-json\/wp\/v2\/media?parent=16445"}],"wp:term":[{"taxonomy":"product_brand","embeddable":true,"href":"https:\/\/motokary-karting.sk\/cz\/wp-json\/wp\/v2\/product_brand?post=16445"},{"taxonomy":"product_cat","embeddable":true,"href":"https:\/\/motokary-karting.sk\/cz\/wp-json\/wp\/v2\/product_cat?post=16445"},{"taxonomy":"product_tag","embeddable":true,"href":"https:\/\/motokary-karting.sk\/cz\/wp-json\/wp\/v2\/product_tag?post=16445"}],"curies":[{"name":"wp","href":"https:\/\/api.w.org\/{rel}","templated":true}]}}