{"id":16580,"date":"2022-07-28T20:35:50","date_gmt":"2022-07-28T20:35:50","guid":{"rendered":"https:\/\/motokary-karting.sk\/?post_type=product&#038;p=16580"},"modified":"2025-08-24T11:54:17","modified_gmt":"2025-08-24T11:54:17","slug":"pvl-svickova-trubka-pro-male-svicky-vsech-typu","status":"publish","type":"product","link":"https:\/\/motokary-karting.sk\/cz\/produkt\/fajka-na-sviecku-pvl-pre-male-sviecky-vsetky-typy\/","title":{"rendered":"Sv\u00ed\u010dkov\u00e1 trubka PVL - pro mal\u00e9 sv\u00ed\u010dky v\u0161ech typ\u016f"},"content":{"rendered":"","protected":false},"excerpt":{"rendered":"","protected":false},"featured_media":16581,"template":"","meta":[],"product_brand":[],"product_cat":[1324,2755,2756,2332,2822,2331,2333,645,858,1311],"product_tag":[917,2273,142,1344,81,867,1312,868],"class_list":{"0":"post-16580","1":"product","2":"type-product","3":"status-publish","4":"has-post-thumbnail","6":"product_cat-iame","7":"product_cat-model-tm-k10","8":"product_cat-model-tm-k10b","9":"product_cat-model-tm-k10c","10":"product_cat-model-tm-k9b","11":"product_cat-model-tm-k9c","12":"product_cat-model-tm-kz-r1","13":"product_cat-nahradne-diely-na-motory","14":"product_cat-tm-racing-nahradne-diely-na-motory","15":"product_cat-zapalovacie-sviecky","16":"product_tag-fajka-na-sviecku","17":"product_tag-fajka-na-sviecku-ngk-trs1233","18":"product_tag-karting","19":"product_tag-karting-shop","20":"product_tag-motokary","21":"product_tag-ngk","22":"product_tag-ngk-sviecka","23":"product_tag-sviecka-ngk","25":"first","26":"onbackorder","27":"taxable","28":"shipping-taxable","29":"purchasable","30":"product-type-simple","31":"customify-col"},"aioseo_notices":[],"_links":{"self":[{"href":"https:\/\/motokary-karting.sk\/cz\/wp-json\/wp\/v2\/product\/16580","targetHints":{"allow":["GET"]}}],"collection":[{"href":"https:\/\/motokary-karting.sk\/cz\/wp-json\/wp\/v2\/product"}],"about":[{"href":"https:\/\/motokary-karting.sk\/cz\/wp-json\/wp\/v2\/types\/product"}],"wp:featuredmedia":[{"embeddable":true,"href":"https:\/\/motokary-karting.sk\/cz\/wp-json\/wp\/v2\/media\/16581"}],"wp:attachment":[{"href":"https:\/\/motokary-karting.sk\/cz\/wp-json\/wp\/v2\/media?parent=16580"}],"wp:term":[{"taxonomy":"product_brand","embeddable":true,"href":"https:\/\/motokary-karting.sk\/cz\/wp-json\/wp\/v2\/product_brand?post=16580"},{"taxonomy":"product_cat","embeddable":true,"href":"https:\/\/motokary-karting.sk\/cz\/wp-json\/wp\/v2\/product_cat?post=16580"},{"taxonomy":"product_tag","embeddable":true,"href":"https:\/\/motokary-karting.sk\/cz\/wp-json\/wp\/v2\/product_tag?post=16580"}],"curies":[{"name":"wp","href":"https:\/\/api.w.org\/{rel}","templated":true}]}}