{"id":16590,"date":"2022-08-01T19:49:12","date_gmt":"2022-08-01T19:49:12","guid":{"rendered":"https:\/\/motokary-karting.sk\/?post_type=product&#038;p=16590"},"modified":"2024-01-09T15:25:28","modified_gmt":"2024-01-09T15:25:28","slug":"sada-2-hlinikovych-zadnich-kotoucu-160-mm","status":"publish","type":"product","link":"https:\/\/motokary-karting.sk\/cz\/produkt\/sada-2ks-disky-hlinikove-zadne-160mm\/","title":{"rendered":"Sada 2 hlin\u00edkov\u00fdch zadn\u00edch kotou\u010d\u016f 160 mm"},"content":{"rendered":"","protected":false},"excerpt":{"rendered":"","protected":false},"featured_media":16591,"template":"","meta":[],"product_brand":[],"product_cat":[209,271,1465],"product_tag":[210,211,1467,142,1344,1468,81,2072,2073],"class_list":{"0":"post-16590","1":"product","2":"type-product","3":"status-publish","4":"has-post-thumbnail","6":"product_cat-disky-prislusenstvo","7":"product_cat-nahradne-diely-na-podvozky","8":"product_cat-zadne","9":"product_tag-disk","10":"product_tag-disk-predny","11":"product_tag-hlinikovy-disk-na-motokaru","12":"product_tag-karting","13":"product_tag-karting-shop","14":"product_tag-motokarove-disky","15":"product_tag-motokary","16":"product_tag-predne-disky-125cc","17":"product_tag-predny-disk-kz","19":"first","20":"instock","21":"sale","22":"taxable","23":"shipping-taxable","24":"purchasable","25":"product-type-simple","26":"customify-col"},"aioseo_notices":[],"_links":{"self":[{"href":"https:\/\/motokary-karting.sk\/cz\/wp-json\/wp\/v2\/product\/16590","targetHints":{"allow":["GET"]}}],"collection":[{"href":"https:\/\/motokary-karting.sk\/cz\/wp-json\/wp\/v2\/product"}],"about":[{"href":"https:\/\/motokary-karting.sk\/cz\/wp-json\/wp\/v2\/types\/product"}],"wp:featuredmedia":[{"embeddable":true,"href":"https:\/\/motokary-karting.sk\/cz\/wp-json\/wp\/v2\/media\/16591"}],"wp:attachment":[{"href":"https:\/\/motokary-karting.sk\/cz\/wp-json\/wp\/v2\/media?parent=16590"}],"wp:term":[{"taxonomy":"product_brand","embeddable":true,"href":"https:\/\/motokary-karting.sk\/cz\/wp-json\/wp\/v2\/product_brand?post=16590"},{"taxonomy":"product_cat","embeddable":true,"href":"https:\/\/motokary-karting.sk\/cz\/wp-json\/wp\/v2\/product_cat?post=16590"},{"taxonomy":"product_tag","embeddable":true,"href":"https:\/\/motokary-karting.sk\/cz\/wp-json\/wp\/v2\/product_tag?post=16590"}],"curies":[{"name":"wp","href":"https:\/\/api.w.org\/{rel}","templated":true}]}}