{"id":16929,"date":"2022-09-20T17:53:36","date_gmt":"2022-09-20T17:53:36","guid":{"rendered":"https:\/\/motokary-karting.sk\/?post_type=product&#038;p=16929"},"modified":"2026-04-21T07:14:25","modified_gmt":"2026-04-21T07:14:25","slug":"chranic-zeber-bengio-ab7-homologovany-fia","status":"publish","type":"product","link":"https:\/\/motokary-karting.sk\/cz\/produkt\/bengio-ab7-rebrovy-chranic-homologovany-fia\/","title":{"rendered":"Bengio AB7 chr\u00e1ni\u010d \u017eeber FIA"},"content":{"rendered":"<p>Po\u010d\u00ednaje zaru\u010den\u00fdm \u00fasp\u011bchem modelu BUMPER a v n\u00e1vaznosti na zm\u011bny v motok\u00e1r\u00e1ch se technologie BENGIO nyn\u00ed vyv\u00edj\u00ed sm\u011brem k nov\u00e9mu modelu AB7 RIB PROTECTOR, prvn\u00edmu chr\u00e1ni\u010di \u017eeber z rodiny BENGIO homologovan\u00e9mu podle normy FIA 8870-2018.<\/p>\n<p>AB7 RIB PROTECTOR p\u0159edstavuje vrchol tohoto v\u00fdvoje d\u00edky kombinaci:<\/p>\n<p>CELKOV\u00c1 BEZPE\u010cNOST T\u011aLA<br \/>\nB\u011b\u017en\u00e1 bo\u010dn\u00ed ochrana je integrov\u00e1na s nov\u00fdmi prvky, kter\u00e9 chr\u00e1n\u00ed hrudn\u00ed kost a z\u00e1da \u0159idi\u010de, a poskytuje tak v\u0161estrannou bezpe\u010dnost, p\u0159i n\u00ed\u017e je chr\u00e1n\u011bna a pohodln\u00e1 cel\u00e1 oblast trupu.<\/p>\n<p>Chr\u00e1ni\u010d zad: Testov\u00e1no na energii n\u00e1razu 100 joul\u016f<br \/>\nChr\u00e1ni\u010d hrudn\u00edku: testov\u00e1no na energii n\u00e1razu 60 joul\u016f.<br \/>\nChr\u00e1ni\u010d \u017eeber: testov\u00e1no na energii n\u00e1razu 100 joul\u016f<\/p>\n<p>Norma FIA vy\u017eaduje, aby maxim\u00e1ln\u00ed maxim\u00e1ln\u00ed zaznamenan\u00e1 s\u00edla v \u017e\u00e1dn\u00e9m okam\u017eiku n\u00e1razu nep\u0159ekro\u010dila 1 kN. Testy AB7 vykazuj\u00ed v\u00fdrazn\u011b lep\u0161\u00ed v\u00fdsledky, ne\u017e po\u017eaduje norma.<\/p>\n<p>DESIGN A ERGONOMIE<br \/>\nUspo\u0159\u00e1d\u00e1n\u00ed AB7 umo\u017e\u0148uje lep\u0161\u00ed p\u0159ilnut\u00ed k jak\u00e9koli \u010d\u00e1sti t\u011bla \u0159idi\u010de. Nov\u00e9 tvarov\u00e1n\u00ed bo\u010dn\u00edch \u017eebern\u00edch chr\u00e1ni\u010d\u016f zaji\u0161\u0165uje lep\u0161\u00ed p\u0159izp\u016fsoben\u00ed p\u0159i j\u00edzd\u011b, zat\u00edmco elastick\u00e9 ramenn\u00ed popruhy umo\u017e\u0148uj\u00ed nastaviteln\u00e9 p\u0159izp\u016fsoben\u00ed jak\u00e9mukoli tvaru t\u011bla.<\/p>\n<p>SYST\u00c9M UZAV\u00cdR\u00c1N\u00cd<br \/>\nD\u00edky nov\u00e9mu uzamykac\u00edmu syst\u00e9mu navr\u017een\u00e9mu a registrovan\u00e9mu spole\u010dnost\u00ed BENGIO m\u016f\u017ee \u0159idi\u010d jednodu\u0161e, rychle a bezpe\u010dn\u011b nasadit a nastavit chr\u00e1ni\u010d \u017eeber, p\u0159i\u010dem\u017e m\u00e1 jistotu, \u017ee ochrann\u00e9 plochy z\u016fstanou b\u011bhem j\u00edzdy na sv\u00e9m m\u00edst\u011b v souladu s bezpe\u010dnostn\u00edmi normami FIA.<\/p>\n<p>MATERI\u00c1LY<br \/>\nPou\u017eit\u00ed kompozitn\u00edch vl\u00e1ken zaru\u010duje nejvy\u0161\u0161\u00ed standardy odolnosti a bezpe\u010dnosti v p\u0159\u00edpad\u011b nehody, a to i po n\u011bkoliker\u00e9m pou\u017eit\u00ed. Vnit\u0159n\u00ed p\u011bnov\u00e1 v\u00fdstelka s vysokou absorpc\u00ed n\u00e1raz\u016f umo\u017e\u0148uje rozpt\u00fdlit energii n\u00e1razu a vibrace, kter\u00fdm je jezdec vystaven p\u0159i j\u00edzd\u011b na motok\u00e1\u0159e.<\/p>\n<p>VYROBENO V ITALSK\u00c9M \u0158EMESLE<br \/>\nAB7 se vyr\u00e1b\u00ed kompletn\u011b ru\u010dn\u011b v It\u00e1lii. Vlastn\u00ed v\u00fdvoj a v\u00fdroba v\u0161ech komponent\u016f umo\u017e\u0148uje d\u016fkladnou kontrolu kvality v\u00fdrobk\u016f BENGIO a zaru\u010duje bezpe\u010dnost, kterou slibuje ka\u017ed\u00e9mu \u0159idi\u010di, kter\u00fd se rozhodne pro chr\u00e1ni\u010de \u017eeber BENGIO.<\/p>","protected":false},"excerpt":{"rendered":"<p>Po\u010d\u00ednaje zaru\u010den\u00fdm \u00fasp\u011bchem modelu BUMPER a v n\u00e1vaznosti na zm\u011bny v motok\u00e1r\u00e1ch se dnes technologie BENGIO vyv\u00edj\u00ed sm\u011brem k nov\u00e9mu modelu AB7 RIB PROTECTOR, prvn\u00edmu chr\u00e1ni\u010di \u017eeber od...<\/p>","protected":false},"featured_media":33571,"template":"","meta":[],"product_brand":[],"product_cat":[88,158,18],"product_tag":[2888,3218,3220,3219,142,1344,81,720,1285,1203],"class_list":{"0":"post-16929","1":"product","2":"type-product","3":"status-publish","4":"has-post-thumbnail","6":"product_cat-ochrana-rebier","7":"product_cat-tip-na-darcek","8":"product_cat-vybava-pretekara","9":"product_tag-bengio","10":"product_tag-bengio-ab7","11":"product_tag-bengio-chranic-rebier","12":"product_tag-chranic-rebier-bengio","13":"product_tag-karting","14":"product_tag-karting-shop","15":"product_tag-motokary","16":"product_tag-ochrana-rebier","17":"product_tag-rebrovy-chranic-alpinestars","18":"product_tag-rebrovy-chranic-na-motokary","20":"first","21":"instock","22":"sale","23":"taxable","24":"shipping-taxable","25":"purchasable","26":"product-type-variable","27":"customify-col","28":"product-has-gallery"},"aioseo_notices":[],"_links":{"self":[{"href":"https:\/\/motokary-karting.sk\/cz\/wp-json\/wp\/v2\/product\/16929","targetHints":{"allow":["GET"]}}],"collection":[{"href":"https:\/\/motokary-karting.sk\/cz\/wp-json\/wp\/v2\/product"}],"about":[{"href":"https:\/\/motokary-karting.sk\/cz\/wp-json\/wp\/v2\/types\/product"}],"wp:featuredmedia":[{"embeddable":true,"href":"https:\/\/motokary-karting.sk\/cz\/wp-json\/wp\/v2\/media\/33571"}],"wp:attachment":[{"href":"https:\/\/motokary-karting.sk\/cz\/wp-json\/wp\/v2\/media?parent=16929"}],"wp:term":[{"taxonomy":"product_brand","embeddable":true,"href":"https:\/\/motokary-karting.sk\/cz\/wp-json\/wp\/v2\/product_brand?post=16929"},{"taxonomy":"product_cat","embeddable":true,"href":"https:\/\/motokary-karting.sk\/cz\/wp-json\/wp\/v2\/product_cat?post=16929"},{"taxonomy":"product_tag","embeddable":true,"href":"https:\/\/motokary-karting.sk\/cz\/wp-json\/wp\/v2\/product_tag?post=16929"}],"curies":[{"name":"wp","href":"https:\/\/api.w.org\/{rel}","templated":true}]}}