{"id":16982,"date":"2022-10-03T18:42:07","date_gmt":"2022-10-03T18:42:07","guid":{"rendered":"https:\/\/motokary-karting.sk\/?post_type=product&#038;p=16982"},"modified":"2023-12-21T18:39:04","modified_gmt":"2023-12-21T18:39:04","slug":"manometr-na-mereni-tlaku-v-pneumatikach-sparco-0-4-bar-o-100-mm","status":"publish","type":"product","link":"https:\/\/motokary-karting.sk\/cz\/produkt\/tlakomer-pneu-sparco-0-4-bar-o-100-mm\/","title":{"rendered":"M\u011b\u0159i\u010d tlaku v pneumatik\u00e1ch SPARCO 0-4 BAR (\u00d8 100 mm)"},"content":{"rendered":"","protected":false},"excerpt":{"rendered":"","protected":false},"featured_media":16983,"template":"","meta":[],"product_brand":[],"product_cat":[1142,3223,58],"product_tag":[142,1344,1218,1494,81,2694,2695,1219,560,561,564],"class_list":{"0":"post-16982","1":"product","2":"type-product","3":"status-publish","4":"has-post-thumbnail","6":"product_cat-prislusenstvo-pneumatiky","7":"product_cat-tlakomery-pneu","8":"product_cat-vybava-do-garaze","9":"product_tag-karting","10":"product_tag-karting-shop","11":"product_tag-merac-tlaku-pneu","12":"product_tag-motokarovy-obchod","13":"product_tag-motokary","14":"product_tag-obchod-s-motokarami","15":"product_tag-predajna-motokar-pezinok","16":"product_tag-profi-merac-tlaku-na-pneu","17":"product_tag-tlakomer","18":"product_tag-tlakomer-pneu","19":"product_tag-tyre-gauge","21":"first","22":"onbackorder","23":"taxable","24":"shipping-taxable","25":"purchasable","26":"product-type-simple","27":"customify-col"},"aioseo_notices":[],"_links":{"self":[{"href":"https:\/\/motokary-karting.sk\/cz\/wp-json\/wp\/v2\/product\/16982","targetHints":{"allow":["GET"]}}],"collection":[{"href":"https:\/\/motokary-karting.sk\/cz\/wp-json\/wp\/v2\/product"}],"about":[{"href":"https:\/\/motokary-karting.sk\/cz\/wp-json\/wp\/v2\/types\/product"}],"wp:featuredmedia":[{"embeddable":true,"href":"https:\/\/motokary-karting.sk\/cz\/wp-json\/wp\/v2\/media\/16983"}],"wp:attachment":[{"href":"https:\/\/motokary-karting.sk\/cz\/wp-json\/wp\/v2\/media?parent=16982"}],"wp:term":[{"taxonomy":"product_brand","embeddable":true,"href":"https:\/\/motokary-karting.sk\/cz\/wp-json\/wp\/v2\/product_brand?post=16982"},{"taxonomy":"product_cat","embeddable":true,"href":"https:\/\/motokary-karting.sk\/cz\/wp-json\/wp\/v2\/product_cat?post=16982"},{"taxonomy":"product_tag","embeddable":true,"href":"https:\/\/motokary-karting.sk\/cz\/wp-json\/wp\/v2\/product_tag?post=16982"}],"curies":[{"name":"wp","href":"https:\/\/api.w.org\/{rel}","templated":true}]}}