{"id":17042,"date":"2022-10-24T08:31:34","date_gmt":"2022-10-24T08:31:34","guid":{"rendered":"https:\/\/motokary-karting.sk\/?post_type=product&#038;p=17042"},"modified":"2026-04-08T13:04:52","modified_gmt":"2026-04-08T13:04:52","slug":"benzinova-hadice-25m-original-rotax","status":"publish","type":"product","link":"https:\/\/motokary-karting.sk\/cz\/produkt\/benzinova-hadica-25m-original-rotax\/","title":{"rendered":"Benz\u00ednov\u00e1 (palivov\u00e1) hadice - 2,5 m ROTAX"},"content":{"rendered":"","protected":false},"excerpt":{"rendered":"<p>Zbo\u017e\u00ed na sklad\u011b je expedov\u00e1no okam\u017eit\u011b<\/p>","protected":false},"featured_media":17043,"template":"","meta":[],"product_brand":[],"product_cat":[645,271,276,371,744,2686,2692],"product_tag":[376,142,81,377],"class_list":{"0":"post-17042","1":"product","2":"type-product","3":"status-publish","4":"has-post-thumbnail","6":"product_cat-nahradne-diely-na-motory","7":"product_cat-nahradne-diely-na-podvozky","8":"product_cat-ostatne","9":"product_cat-ostatne-prislusenstvokmotorom","10":"product_cat-rotax-max","11":"product_cat-sekcia-karburator","12":"product_cat-sekcia-prislusenstvo","13":"product_tag-benzinova-hadica","14":"product_tag-karting","15":"product_tag-motokary","16":"product_tag-palivova-hadica","18":"first","19":"instock","20":"taxable","21":"shipping-taxable","22":"purchasable","23":"product-type-simple","24":"customify-col"},"aioseo_notices":[],"_links":{"self":[{"href":"https:\/\/motokary-karting.sk\/cz\/wp-json\/wp\/v2\/product\/17042","targetHints":{"allow":["GET"]}}],"collection":[{"href":"https:\/\/motokary-karting.sk\/cz\/wp-json\/wp\/v2\/product"}],"about":[{"href":"https:\/\/motokary-karting.sk\/cz\/wp-json\/wp\/v2\/types\/product"}],"wp:featuredmedia":[{"embeddable":true,"href":"https:\/\/motokary-karting.sk\/cz\/wp-json\/wp\/v2\/media\/17043"}],"wp:attachment":[{"href":"https:\/\/motokary-karting.sk\/cz\/wp-json\/wp\/v2\/media?parent=17042"}],"wp:term":[{"taxonomy":"product_brand","embeddable":true,"href":"https:\/\/motokary-karting.sk\/cz\/wp-json\/wp\/v2\/product_brand?post=17042"},{"taxonomy":"product_cat","embeddable":true,"href":"https:\/\/motokary-karting.sk\/cz\/wp-json\/wp\/v2\/product_cat?post=17042"},{"taxonomy":"product_tag","embeddable":true,"href":"https:\/\/motokary-karting.sk\/cz\/wp-json\/wp\/v2\/product_tag?post=17042"}],"curies":[{"name":"wp","href":"https:\/\/api.w.org\/{rel}","templated":true}]}}